{"id":5570,"date":"2025-06-28T17:22:58","date_gmt":"2025-06-28T15:22:58","guid":{"rendered":"https:\/\/uj.adatbank.ro\/lexikon\/termek\/calutiu-simon\/"},"modified":"2025-06-28T17:22:58","modified_gmt":"2025-06-28T15:22:58","slug":"calutiu-simon","status":"publish","type":"product","link":"https:\/\/uj.adatbank.ro\/lexikon\/termek\/calutiu-simon\/","title":{"rendered":"C\u0102LU\u0162IU Simon"},"content":{"rendered":"<p>? \u2020\u00a0? : \u00fcgyv\u00e9d. \u2013 Dics\u0151szentm\u00e1rtonban \u00fcgyv\u00e9d (\u20131917). A vm.-i k\u00f6zigazgat\u00e1si bizotts\u00e1g tagja. Cikkeket k\u00f6z\u00f6lt a Gazeta Transilvaniei-ben (1899). <br \/><strong>Irod.:<\/strong> Dics\u0151szentm\u00e1rton r\u00e9gi arca; Guly\u00e1s; Szab\u00f3 Ferenc: Erd\u00e9ly \u00e9s a rom\u00e1n k\u00e9rd\u00e9s (Mv., 1910)<\/br><\/p>\n","protected":false},"excerpt":{"rendered":"<p>? \u2020\u00a0? : \u00fcgyv\u00e9d. \u2013 Dics\u0151szentm\u00e1rtonban \u00fcgyv\u00e9d (\u20131917). A vm.-i k\u00f6zigazgat\u00e1si bizotts\u00e1g tagja. Cikkeket k\u00f6z\u00f6lt a Gazeta Transilvaniei-ben (1899). Irod.: Dics\u0151szentm\u00e1rton r\u00e9gi arca; Guly\u00e1s; Szab\u00f3 Ferenc: Erd\u00e9ly \u00e9s a rom\u00e1n k\u00e9rd\u00e9s (Mv., 1910)<\/p>\n","protected":false},"featured_media":0,"comment_status":"open","ping_status":"closed","template":"","meta":[],"product_brand":[],"product_cat":[137],"product_tag":[],"class_list":{"0":"post-5570","1":"product","2":"type-product","3":"status-publish","5":"product_cat-maros-megyei-eletrajzi-lexikon","7":"first","8":"instock","9":"shipping-taxable","10":"product-type-simple"},"_links":{"self":[{"href":"https:\/\/uj.adatbank.ro\/lexikon\/wp-json\/wp\/v2\/product\/5570","targetHints":{"allow":["GET"]}}],"collection":[{"href":"https:\/\/uj.adatbank.ro\/lexikon\/wp-json\/wp\/v2\/product"}],"about":[{"href":"https:\/\/uj.adatbank.ro\/lexikon\/wp-json\/wp\/v2\/types\/product"}],"replies":[{"embeddable":true,"href":"https:\/\/uj.adatbank.ro\/lexikon\/wp-json\/wp\/v2\/comments?post=5570"}],"wp:attachment":[{"href":"https:\/\/uj.adatbank.ro\/lexikon\/wp-json\/wp\/v2\/media?parent=5570"}],"wp:term":[{"taxonomy":"product_brand","embeddable":true,"href":"https:\/\/uj.adatbank.ro\/lexikon\/wp-json\/wp\/v2\/product_brand?post=5570"},{"taxonomy":"product_cat","embeddable":true,"href":"https:\/\/uj.adatbank.ro\/lexikon\/wp-json\/wp\/v2\/product_cat?post=5570"},{"taxonomy":"product_tag","embeddable":true,"href":"https:\/\/uj.adatbank.ro\/lexikon\/wp-json\/wp\/v2\/product_tag?post=5570"}],"curies":[{"name":"wp","href":"https:\/\/api.w.org\/{rel}","templated":true}]}}