{"id":5571,"date":"2025-06-28T17:23:01","date_gmt":"2025-06-28T15:23:01","guid":{"rendered":"https:\/\/uj.adatbank.ro\/lexikon\/termek\/campean-ilie\/"},"modified":"2025-06-28T17:23:01","modified_gmt":"2025-06-28T15:23:01","slug":"campean-ilie","status":"publish","type":"product","link":"https:\/\/uj.adatbank.ro\/lexikon\/termek\/campean-ilie\/","title":{"rendered":"C\u00c2MPEAN Ilie"},"content":{"rendered":"<p>? \u2020\u00a0? : \u0151rmester, polg\u00e1rmester. \u2013 Az osztr. -m. hadseregben volt \u0151rmester, Erd\u0151szak\u00e1l polg\u00e1rmestere (1910\u201315). <br \/><strong>Irod.:<\/strong> S\u0103calu de P\u0103dure<\/br><\/p>\n","protected":false},"excerpt":{"rendered":"<p>? \u2020\u00a0? : \u0151rmester, polg\u00e1rmester. \u2013 Az osztr. -m. hadseregben volt \u0151rmester, Erd\u0151szak\u00e1l polg\u00e1rmestere (1910\u201315). Irod.: S\u0103calu de P\u0103dure<\/p>\n","protected":false},"featured_media":0,"comment_status":"open","ping_status":"closed","template":"","meta":[],"product_brand":[],"product_cat":[137],"product_tag":[],"class_list":{"0":"post-5571","1":"product","2":"type-product","3":"status-publish","5":"product_cat-maros-megyei-eletrajzi-lexikon","7":"first","8":"instock","9":"shipping-taxable","10":"product-type-simple"},"_links":{"self":[{"href":"https:\/\/uj.adatbank.ro\/lexikon\/wp-json\/wp\/v2\/product\/5571","targetHints":{"allow":["GET"]}}],"collection":[{"href":"https:\/\/uj.adatbank.ro\/lexikon\/wp-json\/wp\/v2\/product"}],"about":[{"href":"https:\/\/uj.adatbank.ro\/lexikon\/wp-json\/wp\/v2\/types\/product"}],"replies":[{"embeddable":true,"href":"https:\/\/uj.adatbank.ro\/lexikon\/wp-json\/wp\/v2\/comments?post=5571"}],"wp:attachment":[{"href":"https:\/\/uj.adatbank.ro\/lexikon\/wp-json\/wp\/v2\/media?parent=5571"}],"wp:term":[{"taxonomy":"product_brand","embeddable":true,"href":"https:\/\/uj.adatbank.ro\/lexikon\/wp-json\/wp\/v2\/product_brand?post=5571"},{"taxonomy":"product_cat","embeddable":true,"href":"https:\/\/uj.adatbank.ro\/lexikon\/wp-json\/wp\/v2\/product_cat?post=5571"},{"taxonomy":"product_tag","embeddable":true,"href":"https:\/\/uj.adatbank.ro\/lexikon\/wp-json\/wp\/v2\/product_tag?post=5571"}],"curies":[{"name":"wp","href":"https:\/\/api.w.org\/{rel}","templated":true}]}}