{"id":5574,"date":"2025-06-28T17:23:08","date_gmt":"2025-06-28T15:23:08","guid":{"rendered":"https:\/\/uj.adatbank.ro\/lexikon\/termek\/campean-teodor\/"},"modified":"2025-06-28T17:23:08","modified_gmt":"2025-06-28T15:23:08","slug":"campean-teodor","status":"publish","type":"product","link":"https:\/\/uj.adatbank.ro\/lexikon\/termek\/campean-teodor\/","title":{"rendered":"C\u00c2MPEAN Teodor"},"content":{"rendered":"<p>L\u00f6v\u00e9r, ? \u2020\u00a0? : tan\u00edt\u00f3, polg\u00e1rmester. \u2013 Nasz\u00f3don v\u00e9gezte a George Co\u015fbuc Preparandi\u00e1t (tan\u00edt\u00f3k\u00e9pz\u0151). L\u00f6v\u00e9ren polg\u00e1rmester \u00e9s tan\u00edt\u00f3 (1885\u201397, 1901\u20132). \u00c1tvette Iacob Stavilat\u00f3l a vegyes bolt vezet\u00e9s\u00e9t is, amely a lakoss\u00e1g ell\u00e1t\u00e1s\u00e1t c\u00e9lozta (1891\u20131918). <br \/><strong>Irod.:<\/strong> Lueriu<\/br><\/p>\n","protected":false},"excerpt":{"rendered":"<p>L\u00f6v\u00e9r, ? \u2020\u00a0? : tan\u00edt\u00f3, polg\u00e1rmester. \u2013 Nasz\u00f3don v\u00e9gezte a George Co\u015fbuc Preparandi\u00e1t (tan\u00edt\u00f3k\u00e9pz\u0151). L\u00f6v\u00e9ren polg\u00e1rmester \u00e9s tan\u00edt\u00f3 (1885\u201397, 1901\u20132). \u00c1tvette Iacob Stavilat\u00f3l a vegyes bolt vezet\u00e9s\u00e9t is, amely a lakoss\u00e1g ell\u00e1t\u00e1s\u00e1t c\u00e9lozta (1891\u20131918). Irod.: Lueriu<\/p>\n","protected":false},"featured_media":0,"comment_status":"open","ping_status":"closed","template":"","meta":[],"product_brand":[],"product_cat":[137],"product_tag":[],"class_list":{"0":"post-5574","1":"product","2":"type-product","3":"status-publish","5":"product_cat-maros-megyei-eletrajzi-lexikon","7":"first","8":"instock","9":"shipping-taxable","10":"product-type-simple"},"_links":{"self":[{"href":"https:\/\/uj.adatbank.ro\/lexikon\/wp-json\/wp\/v2\/product\/5574","targetHints":{"allow":["GET"]}}],"collection":[{"href":"https:\/\/uj.adatbank.ro\/lexikon\/wp-json\/wp\/v2\/product"}],"about":[{"href":"https:\/\/uj.adatbank.ro\/lexikon\/wp-json\/wp\/v2\/types\/product"}],"replies":[{"embeddable":true,"href":"https:\/\/uj.adatbank.ro\/lexikon\/wp-json\/wp\/v2\/comments?post=5574"}],"wp:attachment":[{"href":"https:\/\/uj.adatbank.ro\/lexikon\/wp-json\/wp\/v2\/media?parent=5574"}],"wp:term":[{"taxonomy":"product_brand","embeddable":true,"href":"https:\/\/uj.adatbank.ro\/lexikon\/wp-json\/wp\/v2\/product_brand?post=5574"},{"taxonomy":"product_cat","embeddable":true,"href":"https:\/\/uj.adatbank.ro\/lexikon\/wp-json\/wp\/v2\/product_cat?post=5574"},{"taxonomy":"product_tag","embeddable":true,"href":"https:\/\/uj.adatbank.ro\/lexikon\/wp-json\/wp\/v2\/product_tag?post=5574"}],"curies":[{"name":"wp","href":"https:\/\/api.w.org\/{rel}","templated":true}]}}