{"id":5576,"date":"2025-06-28T17:23:13","date_gmt":"2025-06-28T15:23:13","guid":{"rendered":"https:\/\/uj.adatbank.ro\/lexikon\/termek\/campeanu-elie-%c2%a7-cimpianu-elie-campianu-ilie\/"},"modified":"2025-06-28T17:23:13","modified_gmt":"2025-06-28T15:23:13","slug":"campeanu-elie-%c2%a7-cimpianu-elie-campianu-ilie","status":"publish","type":"product","link":"https:\/\/uj.adatbank.ro\/lexikon\/termek\/campeanu-elie-%c2%a7-cimpianu-elie-campianu-ilie\/","title":{"rendered":"C\u00c2MPEANU Elie, \u00a7 C\u00eempianu Elie, C\u00e2mpianu Ilie"},"content":{"rendered":"<p>Dedr\u00e1dsz\u00e9plak, 1859. j\u00fal. 12., \u2020 Mv., 1937. jan. 24.: g\u00f6r. kat. pap, esperes, v\u00e1rosi tan\u00e1csos, prefektus. \u2013 Nagyapja: C\u00e2mpianu Elie (kiv\u00e9gezt\u00e9k, Kolozsnagyida, 1849), apja C\u00e2mpianu Ioan, aki 18 \u00e9vesen vett r\u00e9szt az 1848\u201349-es forradalomban Constantin-Romanu-Vivu oldal\u00e1n \u00e9s siker\u00fclt megsz\u00f6knie a kiv\u00e9gz\u00e9s el\u0151l. \u2013 Tanulm\u00e1nyait Sz\u00e1sz\u00e9genben kezdte a rom\u00e1n elemi iskol\u00e1ban (1867\u201371), gimn. -ot eminensk\u00e9nt Bal\u00e1zsfalv\u00e1n v\u00e9gzett (1879), majd a g\u00f6r. kat Teol\u00f3giai Szemin\u00e1rium hallgat\u00f3ja volt (1879\u201383). Zetev\u00e1ralj\u00e1n tan\u00edt\u00f3 \u00e9s lelk\u00e9sz (1884\u2013), a Gyergy\u00f3i k\u00f6rzet alesperese (1898\u2013), esperese. A Gyergy\u00f3szentmikl\u00f3s k\u00f6rny\u00e9ki rom\u00e1n falvakban sokat tett a rom\u00e1ns\u00e1g nemzeti l\u00e9t \u00e9n\u00e9nek fennmarad\u00e1s\u00e1\u00e9rt, a rom\u00e1n oktat\u00e1s\u00e9rt. Kinevezt\u00e9k Mv.-on pl\u00e9b\u00e1nosnak, majd a Marosi k\u00f6rzet esperes\u00e9nek (1908). T\u00f6bb templomot \u00e9p\u00edttetett. Amikor Rom\u00e1nia bel\u00e9pett az els\u0151 vh. -ba (1916) haza\u00e1rul\u00e1ssal gyan\u00fas\u00edtva letart\u00f3ztatt\u00e1k Mv.-en. Moldv\u00e1ba menek\u00fclt, ahol katonai k\u00f3rh\u00e1zakat l\u00e9tes\u00edtett, ott el\u0151ad\u00e1sokat tartott a katon\u00e1knak (1917). A piatra-neam\u0163-i \u00e9s a besztercei kolostor katonai k\u00f3rh\u00e1z\u00e1nak \u00fcgyigazgat\u00f3ja volt. Dobreniben az elemi iskola igazgat\u00f3ja; helyettes rom\u00e1ntan\u00e1r Gyergy\u00f3szentmikl\u00f3son (1919\u201320). Mv.-en lett lelk\u00e9sz \u00e9s a Marosi k\u00f6rzet esperese (1921. aug. 27\u2013), a Sz\u00e9kelyf\u00f6ld vik\u00e1riusa (1921. aug. 27. &#8211; hal\u00e1l\u00e1ig). Kezdem\u00e9nyez\u00e9s\u00e9re j\u00f6tt l\u00e9tre a Maros megyei T\u00f6rt\u00e9nelmi Archeol\u00f3giai \u00e9s Etnogr\u00e1fiai T\u00e1rsas\u00e1g (1924\u201341), eln\u00f6ke volt a Liga Cultural\u0103 Maros megyei oszt\u00e1ly\u00e1nak, tagja az ASTRA-nak, Mv. v\u00e1ros kult\u00farbizotts\u00e1g\u00e1nak, a k\u00f6zigazgat\u00e1si bizotts\u00e1g tagja (1925); parlamenti k\u00e9pvisel\u0151, az els\u0151 Iorga korm\u00e1ny idej\u00e9n (1931\u201332); Hunyad megye prefektusa (1831. \u00e1pr. 24. \u2013 1931. m\u00e1j. 5.). Mv.-i V\u00e1rosi Tan\u00e1csnak koreln\u00f6ke (1930). Ioan Drede\u0163ean lelk\u00e9sszel ig\u00e9nyeltek a mv.-i v\u00e1rosi tan\u00e1cst\u00f3l ter\u00fcletet \u00e9s anyagi t\u00e1mogat\u00e1st egy \u00faj g\u00f6r. kat. templom \u00e9p\u00edt\u00e9s\u00e9hez (1926. szept. 22.). K\u00f6zbenj\u00e1rt Buk.-ben az Ipar\u00fcgyi Miniszt\u00e9riumban j\u00e1rt k\u00f6zben a cs\u0151dbement cukorgy\u00e1r \u00e9rdek\u00e9ben (1931). Esperess\u00e9ge ideje alatt \u00e9p\u00fclt fel Mv.-en a kis katedr\u00e1lis (felszentelte Al. Nicolescu \u00e9rsek, 1936. szept. 8.). Tagja az Antirevizionista Liga Maros megyei bizotts\u00e1g\u00e1nak (1934). Kit\u00fcntet\u00e9sei M\u00e1ria kir\u00e1lyn\u0151 Keresztje- II. oszt. (1918), Vil\u00e1gh\u00e1bor\u00fas eml\u00e9kkereszt 1916\u20131918 (1920); I. Ferdinand Rend Nagykeresztje, lovagi fokozat (1931), Gyulafeh\u00e9rv\u00e1r \u00e9s Fogaras rom\u00e1n g\u00f6r. kat. egyh\u00e1zker\u00fclet\u00e9nek tiszteletbeli kanonokja (1936. dec. 8. \u2013). A mv.-i v\u00e1rosi id\u0151k\u00f6zi bizotts\u00e1g utc\u00e1t nevezett el r\u00f3la \u00e9s egy kisiskol\u00e1sok sz\u00e1m\u00e1ra alap\u00edtott \u00f6szt\u00f6nd\u00edj viselte a nev\u00e9t (1937). Zetev\u00e1ralja d\u00edszpolg\u00e1ra (1926). <br \/><strong>Irod.:<\/strong> B\u0103ciu\u0163, Nicolae-\u015eincan, Gheorghe Nicolae: Biserica de piatr\u0103 \u201e\u00cen\u0103l\u0163area Domnului\u201d T\u00e2rgu-Mure\u015f (Vatra veche, nr. 11., 2009); Boar, Liviu: Protopopul E. C. (Reghinul cultural, 10, 2010); Bota, Sorina; Dandea, Emil: Politic\u0103 \u015fi administra\u0163ie (Tg. M., 1996); E. C.: Omul \u015fi faptele sale (Tg. M., 1999); Daicoviciu, Constantin: Comisiunea Monumentelor Istorice (Cluj, 1924); Du\u015fa Traian: E. C. (Vatra, nr. 7., 1998); Id\u0151t\u00e1r 3; L\u0103c\u0103tu\u015fu, Ioan. Personalit\u0103\u0163i din Covasna \u015fi Harghita (Cluj, 1998); Man: Tg. M., 3.; \u015eerban 1999; \u015eincan 2006; Todea 2013<\/br><\/p>\n","protected":false},"excerpt":{"rendered":"<p>Dedr\u00e1dsz\u00e9plak, 1859. j\u00fal. 12., \u2020 Mv., 1937. jan. 24.: g\u00f6r. kat. pap, esperes, v\u00e1rosi tan\u00e1csos, prefektus. \u2013 Nagyapja: C\u00e2mpianu Elie (kiv\u00e9gezt\u00e9k, Kolozsnagyida, 1849), apja C\u00e2mpianu Ioan, aki 18 \u00e9vesen vett r\u00e9szt az 1848\u201349-es forradalomban Constantin-Romanu-Vivu oldal\u00e1n \u00e9s siker\u00fclt megsz\u00f6knie a kiv\u00e9gz\u00e9s el\u0151l. \u2013 Tanulm\u00e1nyait Sz\u00e1sz\u00e9genben kezdte a rom\u00e1n elemi iskol\u00e1ban (1867\u201371), gimn. -ot eminensk\u00e9nt Bal\u00e1zsfalv\u00e1n [&hellip;]<\/p>\n","protected":false},"featured_media":0,"comment_status":"open","ping_status":"closed","template":"","meta":[],"product_brand":[],"product_cat":[137],"product_tag":[],"class_list":{"0":"post-5576","1":"product","2":"type-product","3":"status-publish","5":"product_cat-maros-megyei-eletrajzi-lexikon","7":"first","8":"instock","9":"shipping-taxable","10":"product-type-simple"},"_links":{"self":[{"href":"https:\/\/uj.adatbank.ro\/lexikon\/wp-json\/wp\/v2\/product\/5576","targetHints":{"allow":["GET"]}}],"collection":[{"href":"https:\/\/uj.adatbank.ro\/lexikon\/wp-json\/wp\/v2\/product"}],"about":[{"href":"https:\/\/uj.adatbank.ro\/lexikon\/wp-json\/wp\/v2\/types\/product"}],"replies":[{"embeddable":true,"href":"https:\/\/uj.adatbank.ro\/lexikon\/wp-json\/wp\/v2\/comments?post=5576"}],"wp:attachment":[{"href":"https:\/\/uj.adatbank.ro\/lexikon\/wp-json\/wp\/v2\/media?parent=5576"}],"wp:term":[{"taxonomy":"product_brand","embeddable":true,"href":"https:\/\/uj.adatbank.ro\/lexikon\/wp-json\/wp\/v2\/product_brand?post=5576"},{"taxonomy":"product_cat","embeddable":true,"href":"https:\/\/uj.adatbank.ro\/lexikon\/wp-json\/wp\/v2\/product_cat?post=5576"},{"taxonomy":"product_tag","embeddable":true,"href":"https:\/\/uj.adatbank.ro\/lexikon\/wp-json\/wp\/v2\/product_tag?post=5576"}],"curies":[{"name":"wp","href":"https:\/\/api.w.org\/{rel}","templated":true}]}}