{"id":5578,"date":"2025-06-28T17:23:19","date_gmt":"2025-06-28T15:23:19","guid":{"rendered":"https:\/\/uj.adatbank.ro\/lexikon\/termek\/campeanu-ion\/"},"modified":"2025-06-28T17:23:19","modified_gmt":"2025-06-28T15:23:19","slug":"campeanu-ion","status":"publish","type":"product","link":"https:\/\/uj.adatbank.ro\/lexikon\/termek\/campeanu-ion\/","title":{"rendered":"C\u00c2MPEANU Ion"},"content":{"rendered":"<p>? \u2020\u00a0? : tan\u00edt\u00f3. \u2013 Doktor\u00e1tusa volt. A dedr\u00e1dsz\u00e9plaki m\u0171vel\u0151d\u00e9si k\u00f6r eln\u00f6ke (1930-as \u00e9vek v\u00e9ge). Val\u00f3sz\u00edn\u0171 a mv. i kereskedelmi iskol\u00e1ban tan\u00edtott (1945\u201346). <br \/><strong>Irod.:<\/strong> \u00cenv. comercial econ.; Netea: Astra<\/br><\/p>\n","protected":false},"excerpt":{"rendered":"<p>? \u2020\u00a0? : tan\u00edt\u00f3. \u2013 Doktor\u00e1tusa volt. A dedr\u00e1dsz\u00e9plaki m\u0171vel\u0151d\u00e9si k\u00f6r eln\u00f6ke (1930-as \u00e9vek v\u00e9ge). Val\u00f3sz\u00edn\u0171 a mv. i kereskedelmi iskol\u00e1ban tan\u00edtott (1945\u201346). Irod.: \u00cenv. comercial econ.; Netea: Astra<\/p>\n","protected":false},"featured_media":0,"comment_status":"open","ping_status":"closed","template":"","meta":[],"product_brand":[],"product_cat":[137],"product_tag":[],"class_list":{"0":"post-5578","1":"product","2":"type-product","3":"status-publish","5":"product_cat-maros-megyei-eletrajzi-lexikon","7":"first","8":"instock","9":"shipping-taxable","10":"product-type-simple"},"_links":{"self":[{"href":"https:\/\/uj.adatbank.ro\/lexikon\/wp-json\/wp\/v2\/product\/5578","targetHints":{"allow":["GET"]}}],"collection":[{"href":"https:\/\/uj.adatbank.ro\/lexikon\/wp-json\/wp\/v2\/product"}],"about":[{"href":"https:\/\/uj.adatbank.ro\/lexikon\/wp-json\/wp\/v2\/types\/product"}],"replies":[{"embeddable":true,"href":"https:\/\/uj.adatbank.ro\/lexikon\/wp-json\/wp\/v2\/comments?post=5578"}],"wp:attachment":[{"href":"https:\/\/uj.adatbank.ro\/lexikon\/wp-json\/wp\/v2\/media?parent=5578"}],"wp:term":[{"taxonomy":"product_brand","embeddable":true,"href":"https:\/\/uj.adatbank.ro\/lexikon\/wp-json\/wp\/v2\/product_brand?post=5578"},{"taxonomy":"product_cat","embeddable":true,"href":"https:\/\/uj.adatbank.ro\/lexikon\/wp-json\/wp\/v2\/product_cat?post=5578"},{"taxonomy":"product_tag","embeddable":true,"href":"https:\/\/uj.adatbank.ro\/lexikon\/wp-json\/wp\/v2\/product_tag?post=5578"}],"curies":[{"name":"wp","href":"https:\/\/api.w.org\/{rel}","templated":true}]}}