{"id":5579,"date":"2025-06-28T17:23:21","date_gmt":"2025-06-28T15:23:21","guid":{"rendered":"https:\/\/uj.adatbank.ro\/lexikon\/termek\/campeanu-teodor\/"},"modified":"2025-06-28T17:23:21","modified_gmt":"2025-06-28T15:23:21","slug":"campeanu-teodor","status":"publish","type":"product","link":"https:\/\/uj.adatbank.ro\/lexikon\/termek\/campeanu-teodor\/","title":{"rendered":"C\u00c2MPEANU Teodor"},"content":{"rendered":"<p>L\u00f6v\u00e9r, ? \u2020 ? : tan\u00edt\u00f3. \u2013 A tan\u00edt\u00f3k\u00e9pz\u0151t Nasz\u00f3don a George Co\u015fbuc Lic.-ban v\u00e9gezte. L\u00f6v\u00e9ren tan\u00edtott (1885\u201397; majd 1901\u20131902). <br \/><strong>Irod.:<\/strong> Lueriu<\/br><\/p>\n","protected":false},"excerpt":{"rendered":"<p>L\u00f6v\u00e9r, ? \u2020 ? : tan\u00edt\u00f3. \u2013 A tan\u00edt\u00f3k\u00e9pz\u0151t Nasz\u00f3don a George Co\u015fbuc Lic.-ban v\u00e9gezte. L\u00f6v\u00e9ren tan\u00edtott (1885\u201397; majd 1901\u20131902). Irod.: Lueriu<\/p>\n","protected":false},"featured_media":0,"comment_status":"open","ping_status":"closed","template":"","meta":[],"product_brand":[],"product_cat":[137],"product_tag":[],"class_list":{"0":"post-5579","1":"product","2":"type-product","3":"status-publish","5":"product_cat-maros-megyei-eletrajzi-lexikon","7":"first","8":"instock","9":"shipping-taxable","10":"product-type-simple"},"_links":{"self":[{"href":"https:\/\/uj.adatbank.ro\/lexikon\/wp-json\/wp\/v2\/product\/5579","targetHints":{"allow":["GET"]}}],"collection":[{"href":"https:\/\/uj.adatbank.ro\/lexikon\/wp-json\/wp\/v2\/product"}],"about":[{"href":"https:\/\/uj.adatbank.ro\/lexikon\/wp-json\/wp\/v2\/types\/product"}],"replies":[{"embeddable":true,"href":"https:\/\/uj.adatbank.ro\/lexikon\/wp-json\/wp\/v2\/comments?post=5579"}],"wp:attachment":[{"href":"https:\/\/uj.adatbank.ro\/lexikon\/wp-json\/wp\/v2\/media?parent=5579"}],"wp:term":[{"taxonomy":"product_brand","embeddable":true,"href":"https:\/\/uj.adatbank.ro\/lexikon\/wp-json\/wp\/v2\/product_brand?post=5579"},{"taxonomy":"product_cat","embeddable":true,"href":"https:\/\/uj.adatbank.ro\/lexikon\/wp-json\/wp\/v2\/product_cat?post=5579"},{"taxonomy":"product_tag","embeddable":true,"href":"https:\/\/uj.adatbank.ro\/lexikon\/wp-json\/wp\/v2\/product_tag?post=5579"}],"curies":[{"name":"wp","href":"https:\/\/api.w.org\/{rel}","templated":true}]}}