{"id":5584,"date":"2025-06-28T17:23:28","date_gmt":"2025-06-28T15:23:28","guid":{"rendered":"https:\/\/uj.adatbank.ro\/lexikon\/termek\/capalna-emil-%c2%a7\/"},"modified":"2025-06-28T17:23:28","modified_gmt":"2025-06-28T15:23:28","slug":"capalna-emil-%c2%a7","status":"publish","type":"product","link":"https:\/\/uj.adatbank.ro\/lexikon\/termek\/capalna-emil-%c2%a7\/","title":{"rendered":"C\u0102P\u00c2LN\u0102 Emil, \u00a7"},"content":{"rendered":"<p>Nagyborsz\u00f3 \/ Fels\u0151bereksz\u00f3, 1939. \u00e1pr. 13., \u2020 Mv., 2000. \u00e1pr. 24.: orvos. \u2013 Az orvosi egyetemet Kv.-on v\u00e9gezte (1961). Doktor\u00e1lt; sz\u00fcl\u00e9sz-n\u0151gy\u00f3gy\u00e1sz szakorvos (1963), oszt\u00e1lyvezet\u0151 Mv.-en a Megyei K\u00f3rh\u00e1z, Sz\u00fcl\u00e9szet-N\u0151gy\u00f3gy\u00e1szati Klinik\u00e1n. Az OGYI-n tan\u00e1rseg\u00e9d, adjunktus K\u00f6z\u00f6lt hazai \u00e9s k\u00fclf\u00f6ldi szaklapokban. T\u00f6bb diploma \u00e9s kit\u00fcntet\u00e9s birtokosa: Meritul sanitar, Eviden\u0163iat \u00een munca medico-sanitar\u0103. (Eg\u00e9szs\u00e9g\u00fcgyi \u00c9rdemrend, Orvos-eg\u00e9szs\u00e9g\u00fcgyi Munka kit\u00fcntetettje) Mv. d\u00edszpolg\u00e1ra post mortem (2005). \u2013 <strong>F. m.:<\/strong> Urgen\u0163e obstetricale \u015fi ginecologice: diagnostic \u015fi tratament (Tg. M., 1996); Curs de ginecologie (Tg. M., 1997). <br \/><strong>Irod.:<\/strong> Kiss-P.-P..; Todea\u2013F\u00fcl\u00f6p\u2013Avram<\/br><\/p>\n","protected":false},"excerpt":{"rendered":"<p>Nagyborsz\u00f3 \/ Fels\u0151bereksz\u00f3, 1939. \u00e1pr. 13., \u2020 Mv., 2000. \u00e1pr. 24.: orvos. \u2013 Az orvosi egyetemet Kv.-on v\u00e9gezte (1961). Doktor\u00e1lt; sz\u00fcl\u00e9sz-n\u0151gy\u00f3gy\u00e1sz szakorvos (1963), oszt\u00e1lyvezet\u0151 Mv.-en a Megyei K\u00f3rh\u00e1z, Sz\u00fcl\u00e9szet-N\u0151gy\u00f3gy\u00e1szati Klinik\u00e1n. Az OGYI-n tan\u00e1rseg\u00e9d, adjunktus K\u00f6z\u00f6lt hazai \u00e9s k\u00fclf\u00f6ldi szaklapokban. T\u00f6bb diploma \u00e9s kit\u00fcntet\u00e9s birtokosa: Meritul sanitar, Eviden\u0163iat \u00een munca medico-sanitar\u0103. (Eg\u00e9szs\u00e9g\u00fcgyi \u00c9rdemrend, Orvos-eg\u00e9szs\u00e9g\u00fcgyi Munka kit\u00fcntetettje) [&hellip;]<\/p>\n","protected":false},"featured_media":0,"comment_status":"open","ping_status":"closed","template":"","meta":[],"product_brand":[],"product_cat":[137],"product_tag":[],"class_list":{"0":"post-5584","1":"product","2":"type-product","3":"status-publish","5":"product_cat-maros-megyei-eletrajzi-lexikon","7":"first","8":"instock","9":"shipping-taxable","10":"product-type-simple"},"_links":{"self":[{"href":"https:\/\/uj.adatbank.ro\/lexikon\/wp-json\/wp\/v2\/product\/5584","targetHints":{"allow":["GET"]}}],"collection":[{"href":"https:\/\/uj.adatbank.ro\/lexikon\/wp-json\/wp\/v2\/product"}],"about":[{"href":"https:\/\/uj.adatbank.ro\/lexikon\/wp-json\/wp\/v2\/types\/product"}],"replies":[{"embeddable":true,"href":"https:\/\/uj.adatbank.ro\/lexikon\/wp-json\/wp\/v2\/comments?post=5584"}],"wp:attachment":[{"href":"https:\/\/uj.adatbank.ro\/lexikon\/wp-json\/wp\/v2\/media?parent=5584"}],"wp:term":[{"taxonomy":"product_brand","embeddable":true,"href":"https:\/\/uj.adatbank.ro\/lexikon\/wp-json\/wp\/v2\/product_brand?post=5584"},{"taxonomy":"product_cat","embeddable":true,"href":"https:\/\/uj.adatbank.ro\/lexikon\/wp-json\/wp\/v2\/product_cat?post=5584"},{"taxonomy":"product_tag","embeddable":true,"href":"https:\/\/uj.adatbank.ro\/lexikon\/wp-json\/wp\/v2\/product_tag?post=5584"}],"curies":[{"name":"wp","href":"https:\/\/api.w.org\/{rel}","templated":true}]}}