{"id":5586,"date":"2025-06-28T17:23:30","date_gmt":"2025-06-28T15:23:30","guid":{"rendered":"https:\/\/uj.adatbank.ro\/lexikon\/termek\/capesius-bernard\/"},"modified":"2025-06-28T17:23:30","modified_gmt":"2025-06-28T15:23:30","slug":"capesius-bernard","status":"publish","type":"product","link":"https:\/\/uj.adatbank.ro\/lexikon\/termek\/capesius-bernard\/","title":{"rendered":"CAPESIUS Bernard"},"content":{"rendered":"<p>Fogaras, 1840. okt. 29., \u2020\u00a0Szeben, 1881. \u00e1pr. 19.: tan\u00e1r. &#8211; Apja pap Morgond\u00e1n. \u2013 A k\u00f6z\u00e9piskolai tanulm\u00e1nyait Szebenben v\u00e9gezte. K\u00f6ztatn\u00edt\u00f3 volt Szent\u00e1got\u00e1n (1859\u201361). &#8211; K\u00fclf\u00f6ldi tanulm\u00e1nyokat folytatott a B\u00e9csi Prot. Teol\u00f3giai Int. Prot. Hittud. Kar\u00e1n (1861\u201363), teol\u00f3gi\u00e1t, mat. \u00e9s fizik\u00e1t tanult, Bernard Julius n\u00e9ven a J\u00e9nai Egy. Hittud. \u00e9s B\u00f6lcs. Kar\u00e1n (1863\u2013). Hazat\u00e9rve tan\u00e1r Sz\u00e1szr\u00e9genben (1870. nov. 18. \u2013). <br \/><strong>Irod.:<\/strong> Szab\u00f3\u2013Simon\u2013Sz\u00f6gi<\/br><\/p>\n","protected":false},"excerpt":{"rendered":"<p>Fogaras, 1840. okt. 29., \u2020\u00a0Szeben, 1881. \u00e1pr. 19.: tan\u00e1r. &#8211; Apja pap Morgond\u00e1n. \u2013 A k\u00f6z\u00e9piskolai tanulm\u00e1nyait Szebenben v\u00e9gezte. K\u00f6ztatn\u00edt\u00f3 volt Szent\u00e1got\u00e1n (1859\u201361). &#8211; K\u00fclf\u00f6ldi tanulm\u00e1nyokat folytatott a B\u00e9csi Prot. Teol\u00f3giai Int. Prot. Hittud. Kar\u00e1n (1861\u201363), teol\u00f3gi\u00e1t, mat. \u00e9s fizik\u00e1t tanult, Bernard Julius n\u00e9ven a J\u00e9nai Egy. Hittud. \u00e9s B\u00f6lcs. Kar\u00e1n (1863\u2013). Hazat\u00e9rve tan\u00e1r Sz\u00e1szr\u00e9genben [&hellip;]<\/p>\n","protected":false},"featured_media":0,"comment_status":"open","ping_status":"closed","template":"","meta":[],"product_brand":[],"product_cat":[137],"product_tag":[],"class_list":{"0":"post-5586","1":"product","2":"type-product","3":"status-publish","5":"product_cat-maros-megyei-eletrajzi-lexikon","7":"first","8":"instock","9":"shipping-taxable","10":"product-type-simple"},"_links":{"self":[{"href":"https:\/\/uj.adatbank.ro\/lexikon\/wp-json\/wp\/v2\/product\/5586","targetHints":{"allow":["GET"]}}],"collection":[{"href":"https:\/\/uj.adatbank.ro\/lexikon\/wp-json\/wp\/v2\/product"}],"about":[{"href":"https:\/\/uj.adatbank.ro\/lexikon\/wp-json\/wp\/v2\/types\/product"}],"replies":[{"embeddable":true,"href":"https:\/\/uj.adatbank.ro\/lexikon\/wp-json\/wp\/v2\/comments?post=5586"}],"wp:attachment":[{"href":"https:\/\/uj.adatbank.ro\/lexikon\/wp-json\/wp\/v2\/media?parent=5586"}],"wp:term":[{"taxonomy":"product_brand","embeddable":true,"href":"https:\/\/uj.adatbank.ro\/lexikon\/wp-json\/wp\/v2\/product_brand?post=5586"},{"taxonomy":"product_cat","embeddable":true,"href":"https:\/\/uj.adatbank.ro\/lexikon\/wp-json\/wp\/v2\/product_cat?post=5586"},{"taxonomy":"product_tag","embeddable":true,"href":"https:\/\/uj.adatbank.ro\/lexikon\/wp-json\/wp\/v2\/product_tag?post=5586"}],"curies":[{"name":"wp","href":"https:\/\/api.w.org\/{rel}","templated":true}]}}