{"id":5588,"date":"2025-06-28T17:23:32","date_gmt":"2025-06-28T15:23:32","guid":{"rendered":"https:\/\/uj.adatbank.ro\/lexikon\/termek\/capesius-karl-carl\/"},"modified":"2025-06-28T17:23:32","modified_gmt":"2025-06-28T15:23:32","slug":"capesius-karl-carl","status":"publish","type":"product","link":"https:\/\/uj.adatbank.ro\/lexikon\/termek\/capesius-karl-carl\/","title":{"rendered":"CAPESIUS Karl, Carl"},"content":{"rendered":"<p>Nagysink, 1844. j\u00fan. 27., \u2020 M\u00e1rtonhegy, 1874. \u00e1pr. 7.: tan\u00e1r. &#8211; Apja lelk\u00e9sz. A gimn. -ot Segesv\u00e1ron v\u00e9gezte (1863), a b\u00e9csi Prot. Teologiai Int\u00e9zet Hittud. Kar\u00e1n (1864\u201365), majd a Berlini Egy. Hittud. Kar\u00e1n (1865\u201366, 1867\u201368) teologi\u00e1t, mat. -\u00e1t \u00e9s fizik\u00e1t hallgatott. Sz\u00e1szr\u00e9genben alre\u00e1lgimn.-i tan\u00e1r volt (1871. aug. 20. \u2013). Betegs\u00e9gben halt meg fiatalon. \u2013 <strong>F. m.:<\/strong> Ueber Dualismus und Monismus des menschlichen Seyns (Sz. R\u00e9gen, 1873). <br \/><strong>Irod.:<\/strong> Szab\u00f3\u2013Simon\u2013Sz\u00f6gi; Szinnyei<\/br><\/p>\n","protected":false},"excerpt":{"rendered":"<p>Nagysink, 1844. j\u00fan. 27., \u2020 M\u00e1rtonhegy, 1874. \u00e1pr. 7.: tan\u00e1r. &#8211; Apja lelk\u00e9sz. A gimn. -ot Segesv\u00e1ron v\u00e9gezte (1863), a b\u00e9csi Prot. Teologiai Int\u00e9zet Hittud. Kar\u00e1n (1864\u201365), majd a Berlini Egy. Hittud. Kar\u00e1n (1865\u201366, 1867\u201368) teologi\u00e1t, mat. -\u00e1t \u00e9s fizik\u00e1t hallgatott. Sz\u00e1szr\u00e9genben alre\u00e1lgimn.-i tan\u00e1r volt (1871. aug. 20. \u2013). Betegs\u00e9gben halt meg fiatalon. \u2013 F. [&hellip;]<\/p>\n","protected":false},"featured_media":0,"comment_status":"open","ping_status":"closed","template":"","meta":[],"product_brand":[],"product_cat":[137],"product_tag":[],"class_list":{"0":"post-5588","1":"product","2":"type-product","3":"status-publish","5":"product_cat-maros-megyei-eletrajzi-lexikon","7":"first","8":"instock","9":"shipping-taxable","10":"product-type-simple"},"_links":{"self":[{"href":"https:\/\/uj.adatbank.ro\/lexikon\/wp-json\/wp\/v2\/product\/5588","targetHints":{"allow":["GET"]}}],"collection":[{"href":"https:\/\/uj.adatbank.ro\/lexikon\/wp-json\/wp\/v2\/product"}],"about":[{"href":"https:\/\/uj.adatbank.ro\/lexikon\/wp-json\/wp\/v2\/types\/product"}],"replies":[{"embeddable":true,"href":"https:\/\/uj.adatbank.ro\/lexikon\/wp-json\/wp\/v2\/comments?post=5588"}],"wp:attachment":[{"href":"https:\/\/uj.adatbank.ro\/lexikon\/wp-json\/wp\/v2\/media?parent=5588"}],"wp:term":[{"taxonomy":"product_brand","embeddable":true,"href":"https:\/\/uj.adatbank.ro\/lexikon\/wp-json\/wp\/v2\/product_brand?post=5588"},{"taxonomy":"product_cat","embeddable":true,"href":"https:\/\/uj.adatbank.ro\/lexikon\/wp-json\/wp\/v2\/product_cat?post=5588"},{"taxonomy":"product_tag","embeddable":true,"href":"https:\/\/uj.adatbank.ro\/lexikon\/wp-json\/wp\/v2\/product_tag?post=5588"}],"curies":[{"name":"wp","href":"https:\/\/api.w.org\/{rel}","templated":true}]}}