{"id":5589,"date":"2025-06-28T17:23:34","date_gmt":"2025-06-28T15:23:34","guid":{"rendered":"https:\/\/uj.adatbank.ro\/lexikon\/termek\/capesius-victor\/"},"modified":"2025-06-28T17:23:34","modified_gmt":"2025-06-28T15:23:34","slug":"capesius-victor","status":"publish","type":"product","link":"https:\/\/uj.adatbank.ro\/lexikon\/termek\/capesius-victor\/","title":{"rendered":"CAPESIUS Victor"},"content":{"rendered":"<p>Szerdahely, 1907. febr. 7., \u2020\u00a0G\u00f6ppingen, 1985. m\u00e1rc. 20.: gy\u00f3gyszer\u00e9sz. \u2013 H\u00e1rom gyermeke volt. \u2013 SS hadnagy, a dachaui \u00e9s auschwitzi koncentr\u00e1ci\u00f3s t\u00e1borok gy\u00f3gyszer\u00e9sze \u2013 Segesv\u00e1ron (az 1820-ban alap\u00edtott) gy\u00f3gyszert\u00e1r tulajdonosa volt (1940-ben). A Bayer c\u00e9gnek volt a vez\u00e9rk\u00e9pvisel\u0151je a Sz\u00e9kelyf\u00f6ld\u00f6n a Bayer Aspirinnel. Saj\u00e1t neve alatt patik\u00e1t vezetett \u00e9s bej\u00e1ratos volt minden zsid\u00f3 orvoshoz \u00e9s gy\u00f3gyszer\u00e9szhez. Bevonult az SS-be (1942 v. 43-ban). Kinevezt\u00e9k a birkenaui t\u00e1bor f\u0151gy\u00f3gyszer\u00e9sz\u00e9nek. Feladata volt a be\u00e9rkezett csomagok \u00e1tvizsg\u00e1l\u00e1sa, 10\u00a0000-rek \u00e9rkeztek, ua. csomaggal. Az ismer\u0151s\u00f6k k\u00f6z\u00fcl n\u00e9h\u00e1nyat megmentett, v\u00e9g\u00fcl ak\u00e1rcsak Mengele, \u00e9letet \u00e9s hal\u00e1lt osztogatott. Az auschwitzi orvosper f\u0151v\u00e1dlottja volt (1965). B\u00f6rt\u00f6nre it\u00e9lt\u00e9k 9 vagy 10 \u00e9vre. <br \/><strong>Irod.:<\/strong> Kir\u00e1ly Kinga J.; Pan\u0103; Schlesak, Dieter: Capesius, az auschwitzi patikus.<strong>ford.:<\/strong> Hajd\u00fa-Farkas Zolt\u00e1n (Cs\u00edkszereda: Bookart Kiad\u00f3, 2008)<\/br><\/p>\n","protected":false},"excerpt":{"rendered":"<p>Szerdahely, 1907. febr. 7., \u2020\u00a0G\u00f6ppingen, 1985. m\u00e1rc. 20.: gy\u00f3gyszer\u00e9sz. \u2013 H\u00e1rom gyermeke volt. \u2013 SS hadnagy, a dachaui \u00e9s auschwitzi koncentr\u00e1ci\u00f3s t\u00e1borok gy\u00f3gyszer\u00e9sze \u2013 Segesv\u00e1ron (az 1820-ban alap\u00edtott) gy\u00f3gyszert\u00e1r tulajdonosa volt (1940-ben). A Bayer c\u00e9gnek volt a vez\u00e9rk\u00e9pvisel\u0151je a Sz\u00e9kelyf\u00f6ld\u00f6n a Bayer Aspirinnel. Saj\u00e1t neve alatt patik\u00e1t vezetett \u00e9s bej\u00e1ratos volt minden zsid\u00f3 orvoshoz \u00e9s [&hellip;]<\/p>\n","protected":false},"featured_media":0,"comment_status":"open","ping_status":"closed","template":"","meta":[],"product_brand":[],"product_cat":[137],"product_tag":[],"class_list":{"0":"post-5589","1":"product","2":"type-product","3":"status-publish","5":"product_cat-maros-megyei-eletrajzi-lexikon","7":"first","8":"instock","9":"shipping-taxable","10":"product-type-simple"},"_links":{"self":[{"href":"https:\/\/uj.adatbank.ro\/lexikon\/wp-json\/wp\/v2\/product\/5589","targetHints":{"allow":["GET"]}}],"collection":[{"href":"https:\/\/uj.adatbank.ro\/lexikon\/wp-json\/wp\/v2\/product"}],"about":[{"href":"https:\/\/uj.adatbank.ro\/lexikon\/wp-json\/wp\/v2\/types\/product"}],"replies":[{"embeddable":true,"href":"https:\/\/uj.adatbank.ro\/lexikon\/wp-json\/wp\/v2\/comments?post=5589"}],"wp:attachment":[{"href":"https:\/\/uj.adatbank.ro\/lexikon\/wp-json\/wp\/v2\/media?parent=5589"}],"wp:term":[{"taxonomy":"product_brand","embeddable":true,"href":"https:\/\/uj.adatbank.ro\/lexikon\/wp-json\/wp\/v2\/product_brand?post=5589"},{"taxonomy":"product_cat","embeddable":true,"href":"https:\/\/uj.adatbank.ro\/lexikon\/wp-json\/wp\/v2\/product_cat?post=5589"},{"taxonomy":"product_tag","embeddable":true,"href":"https:\/\/uj.adatbank.ro\/lexikon\/wp-json\/wp\/v2\/product_tag?post=5589"}],"curies":[{"name":"wp","href":"https:\/\/api.w.org\/{rel}","templated":true}]}}