{"id":5590,"date":"2025-06-28T17:23:36","date_gmt":"2025-06-28T15:23:36","guid":{"rendered":"https:\/\/uj.adatbank.ro\/lexikon\/termek\/capucian-ioan\/"},"modified":"2025-06-28T17:23:36","modified_gmt":"2025-06-28T15:23:36","slug":"capucian-ioan","status":"publish","type":"product","link":"https:\/\/uj.adatbank.ro\/lexikon\/termek\/capucian-ioan\/","title":{"rendered":"C\u0102PUCIAN Ioan"},"content":{"rendered":"<p>Mez\u0151kir\u00e1lyfalva, 1809., \u2020 S\u00f3lyomtelke, 1892.: g\u00f6r. kat. pap. \u2013 A k\u00f6z\u00e9piskol\u00e1t \u00e9s teol\u00f3gi\u00e1t Bal\u00e1zsfalv\u00e1n v\u00e9gezte. Tan\u00edtott Bal\u00e1zsfalv\u00e1n (1834\u201335); t\u00f6bb faluban volt pl\u00e9b\u00e1nos, majd Elekesen a f\u0151esperess\u00e9g \u00fcgyigazgat\u00f3ja (1856\u201368), pl\u00e9b\u00e1nos, majd esperes S\u00f3lyomtelk\u00e9n. <br \/><strong>Irod.:<\/strong> Com\u015fa\u2013Seiceanu<\/br><\/p>\n","protected":false},"excerpt":{"rendered":"<p>Mez\u0151kir\u00e1lyfalva, 1809., \u2020 S\u00f3lyomtelke, 1892.: g\u00f6r. kat. pap. \u2013 A k\u00f6z\u00e9piskol\u00e1t \u00e9s teol\u00f3gi\u00e1t Bal\u00e1zsfalv\u00e1n v\u00e9gezte. Tan\u00edtott Bal\u00e1zsfalv\u00e1n (1834\u201335); t\u00f6bb faluban volt pl\u00e9b\u00e1nos, majd Elekesen a f\u0151esperess\u00e9g \u00fcgyigazgat\u00f3ja (1856\u201368), pl\u00e9b\u00e1nos, majd esperes S\u00f3lyomtelk\u00e9n. Irod.: Com\u015fa\u2013Seiceanu<\/p>\n","protected":false},"featured_media":0,"comment_status":"open","ping_status":"closed","template":"","meta":[],"product_brand":[],"product_cat":[137],"product_tag":[],"class_list":{"0":"post-5590","1":"product","2":"type-product","3":"status-publish","5":"product_cat-maros-megyei-eletrajzi-lexikon","7":"first","8":"instock","9":"shipping-taxable","10":"product-type-simple"},"_links":{"self":[{"href":"https:\/\/uj.adatbank.ro\/lexikon\/wp-json\/wp\/v2\/product\/5590","targetHints":{"allow":["GET"]}}],"collection":[{"href":"https:\/\/uj.adatbank.ro\/lexikon\/wp-json\/wp\/v2\/product"}],"about":[{"href":"https:\/\/uj.adatbank.ro\/lexikon\/wp-json\/wp\/v2\/types\/product"}],"replies":[{"embeddable":true,"href":"https:\/\/uj.adatbank.ro\/lexikon\/wp-json\/wp\/v2\/comments?post=5590"}],"wp:attachment":[{"href":"https:\/\/uj.adatbank.ro\/lexikon\/wp-json\/wp\/v2\/media?parent=5590"}],"wp:term":[{"taxonomy":"product_brand","embeddable":true,"href":"https:\/\/uj.adatbank.ro\/lexikon\/wp-json\/wp\/v2\/product_brand?post=5590"},{"taxonomy":"product_cat","embeddable":true,"href":"https:\/\/uj.adatbank.ro\/lexikon\/wp-json\/wp\/v2\/product_cat?post=5590"},{"taxonomy":"product_tag","embeddable":true,"href":"https:\/\/uj.adatbank.ro\/lexikon\/wp-json\/wp\/v2\/product_tag?post=5590"}],"curies":[{"name":"wp","href":"https:\/\/api.w.org\/{rel}","templated":true}]}}