{"id":5592,"date":"2025-06-28T17:23:41","date_gmt":"2025-06-28T15:23:41","guid":{"rendered":"https:\/\/uj.adatbank.ro\/lexikon\/termek\/carcovnicu\/"},"modified":"2025-06-28T17:23:41","modified_gmt":"2025-06-28T15:23:41","slug":"carcovnicu","status":"publish","type":"product","link":"https:\/\/uj.adatbank.ro\/lexikon\/termek\/carcovnicu\/","title":{"rendered":"C\u00c2RCOVNICU"},"content":{"rendered":"<p>? \u2020 ? : ort. pap. \u2013 Neve a sz\u00e9kelyvajai templom gerend\u00e1j\u00e1ba v\u00e9sve maradt fenn. B\u00e1nffy Gy\u00f6rgy korm\u00e1nyz\u00f3s\u00e1ga idej\u00e9n szolg\u00e1lt (1695). <br \/><strong>Irod.:<\/strong> \u015eincan 2006<\/br><\/p>\n","protected":false},"excerpt":{"rendered":"<p>? \u2020 ? : ort. pap. \u2013 Neve a sz\u00e9kelyvajai templom gerend\u00e1j\u00e1ba v\u00e9sve maradt fenn. B\u00e1nffy Gy\u00f6rgy korm\u00e1nyz\u00f3s\u00e1ga idej\u00e9n szolg\u00e1lt (1695). Irod.: \u015eincan 2006<\/p>\n","protected":false},"featured_media":0,"comment_status":"open","ping_status":"closed","template":"","meta":[],"product_brand":[],"product_cat":[137],"product_tag":[],"class_list":{"0":"post-5592","1":"product","2":"type-product","3":"status-publish","5":"product_cat-maros-megyei-eletrajzi-lexikon","7":"first","8":"instock","9":"shipping-taxable","10":"product-type-simple"},"_links":{"self":[{"href":"https:\/\/uj.adatbank.ro\/lexikon\/wp-json\/wp\/v2\/product\/5592","targetHints":{"allow":["GET"]}}],"collection":[{"href":"https:\/\/uj.adatbank.ro\/lexikon\/wp-json\/wp\/v2\/product"}],"about":[{"href":"https:\/\/uj.adatbank.ro\/lexikon\/wp-json\/wp\/v2\/types\/product"}],"replies":[{"embeddable":true,"href":"https:\/\/uj.adatbank.ro\/lexikon\/wp-json\/wp\/v2\/comments?post=5592"}],"wp:attachment":[{"href":"https:\/\/uj.adatbank.ro\/lexikon\/wp-json\/wp\/v2\/media?parent=5592"}],"wp:term":[{"taxonomy":"product_brand","embeddable":true,"href":"https:\/\/uj.adatbank.ro\/lexikon\/wp-json\/wp\/v2\/product_brand?post=5592"},{"taxonomy":"product_cat","embeddable":true,"href":"https:\/\/uj.adatbank.ro\/lexikon\/wp-json\/wp\/v2\/product_cat?post=5592"},{"taxonomy":"product_tag","embeddable":true,"href":"https:\/\/uj.adatbank.ro\/lexikon\/wp-json\/wp\/v2\/product_tag?post=5592"}],"curies":[{"name":"wp","href":"https:\/\/api.w.org\/{rel}","templated":true}]}}