{"id":5593,"date":"2025-06-28T17:23:43","date_gmt":"2025-06-28T15:23:43","guid":{"rendered":"https:\/\/uj.adatbank.ro\/lexikon\/termek\/cardan-alexandru\/"},"modified":"2025-06-28T17:23:43","modified_gmt":"2025-06-28T15:23:43","slug":"cardan-alexandru","status":"publish","type":"product","link":"https:\/\/uj.adatbank.ro\/lexikon\/termek\/cardan-alexandru\/","title":{"rendered":"CARDAN Alexandru"},"content":{"rendered":"<p>? \u2020\u00a0? : n\u00e9ptan\u00e1cseln\u00f6k. \u2013 MAT n\u00e9ptan\u00e1csa VB eln\u00f6ke (1952), Bugyi P\u00e1l helyettese (1952. j\u00fal. 22. \u2013). <br \/><strong>Irod.:<\/strong> Auton\u00f3m magyarok; Cri\u015fan<\/br><\/p>\n","protected":false},"excerpt":{"rendered":"<p>? \u2020\u00a0? : n\u00e9ptan\u00e1cseln\u00f6k. \u2013 MAT n\u00e9ptan\u00e1csa VB eln\u00f6ke (1952), Bugyi P\u00e1l helyettese (1952. j\u00fal. 22. \u2013). Irod.: Auton\u00f3m magyarok; Cri\u015fan<\/p>\n","protected":false},"featured_media":0,"comment_status":"open","ping_status":"closed","template":"","meta":[],"product_brand":[],"product_cat":[137],"product_tag":[],"class_list":{"0":"post-5593","1":"product","2":"type-product","3":"status-publish","5":"product_cat-maros-megyei-eletrajzi-lexikon","7":"first","8":"instock","9":"shipping-taxable","10":"product-type-simple"},"_links":{"self":[{"href":"https:\/\/uj.adatbank.ro\/lexikon\/wp-json\/wp\/v2\/product\/5593","targetHints":{"allow":["GET"]}}],"collection":[{"href":"https:\/\/uj.adatbank.ro\/lexikon\/wp-json\/wp\/v2\/product"}],"about":[{"href":"https:\/\/uj.adatbank.ro\/lexikon\/wp-json\/wp\/v2\/types\/product"}],"replies":[{"embeddable":true,"href":"https:\/\/uj.adatbank.ro\/lexikon\/wp-json\/wp\/v2\/comments?post=5593"}],"wp:attachment":[{"href":"https:\/\/uj.adatbank.ro\/lexikon\/wp-json\/wp\/v2\/media?parent=5593"}],"wp:term":[{"taxonomy":"product_brand","embeddable":true,"href":"https:\/\/uj.adatbank.ro\/lexikon\/wp-json\/wp\/v2\/product_brand?post=5593"},{"taxonomy":"product_cat","embeddable":true,"href":"https:\/\/uj.adatbank.ro\/lexikon\/wp-json\/wp\/v2\/product_cat?post=5593"},{"taxonomy":"product_tag","embeddable":true,"href":"https:\/\/uj.adatbank.ro\/lexikon\/wp-json\/wp\/v2\/product_tag?post=5593"}],"curies":[{"name":"wp","href":"https:\/\/api.w.org\/{rel}","templated":true}]}}