{"id":5594,"date":"2025-06-28T17:23:44","date_gmt":"2025-06-28T15:23:44","guid":{"rendered":"https:\/\/uj.adatbank.ro\/lexikon\/termek\/cardan-alexandru-2\/"},"modified":"2025-06-28T17:23:44","modified_gmt":"2025-06-28T15:23:44","slug":"cardan-alexandru-2","status":"publish","type":"product","link":"https:\/\/uj.adatbank.ro\/lexikon\/termek\/cardan-alexandru-2\/","title":{"rendered":"C\u00c2RDAN Alexandru"},"content":{"rendered":"<p>? \u2020\u00a0? : n\u00e9ptan\u00e1cseln\u00f6k. \u2013 A Maros tartom\u00e1nyi n\u00e9ptan\u00e1cs eln\u00f6ke, helyettes eln\u00f6ke (1952. \u00e1pr. 18.). <br \/><strong>Irod.:<\/strong> Bottoni 2008; Id\u0151t\u00e1r 4.<\/br><\/p>\n","protected":false},"excerpt":{"rendered":"<p>? \u2020\u00a0? : n\u00e9ptan\u00e1cseln\u00f6k. \u2013 A Maros tartom\u00e1nyi n\u00e9ptan\u00e1cs eln\u00f6ke, helyettes eln\u00f6ke (1952. \u00e1pr. 18.). Irod.: Bottoni 2008; Id\u0151t\u00e1r 4.<\/p>\n","protected":false},"featured_media":0,"comment_status":"open","ping_status":"closed","template":"","meta":[],"product_brand":[],"product_cat":[137],"product_tag":[],"class_list":{"0":"post-5594","1":"product","2":"type-product","3":"status-publish","5":"product_cat-maros-megyei-eletrajzi-lexikon","7":"first","8":"instock","9":"shipping-taxable","10":"product-type-simple"},"_links":{"self":[{"href":"https:\/\/uj.adatbank.ro\/lexikon\/wp-json\/wp\/v2\/product\/5594","targetHints":{"allow":["GET"]}}],"collection":[{"href":"https:\/\/uj.adatbank.ro\/lexikon\/wp-json\/wp\/v2\/product"}],"about":[{"href":"https:\/\/uj.adatbank.ro\/lexikon\/wp-json\/wp\/v2\/types\/product"}],"replies":[{"embeddable":true,"href":"https:\/\/uj.adatbank.ro\/lexikon\/wp-json\/wp\/v2\/comments?post=5594"}],"wp:attachment":[{"href":"https:\/\/uj.adatbank.ro\/lexikon\/wp-json\/wp\/v2\/media?parent=5594"}],"wp:term":[{"taxonomy":"product_brand","embeddable":true,"href":"https:\/\/uj.adatbank.ro\/lexikon\/wp-json\/wp\/v2\/product_brand?post=5594"},{"taxonomy":"product_cat","embeddable":true,"href":"https:\/\/uj.adatbank.ro\/lexikon\/wp-json\/wp\/v2\/product_cat?post=5594"},{"taxonomy":"product_tag","embeddable":true,"href":"https:\/\/uj.adatbank.ro\/lexikon\/wp-json\/wp\/v2\/product_tag?post=5594"}],"curies":[{"name":"wp","href":"https:\/\/api.w.org\/{rel}","templated":true}]}}