{"id":5597,"date":"2025-06-28T17:23:50","date_gmt":"2025-06-28T15:23:50","guid":{"rendered":"https:\/\/uj.adatbank.ro\/lexikon\/termek\/carja-lazar\/"},"modified":"2025-06-28T17:23:50","modified_gmt":"2025-06-28T15:23:50","slug":"carja-lazar","status":"publish","type":"product","link":"https:\/\/uj.adatbank.ro\/lexikon\/termek\/carja-lazar\/","title":{"rendered":"C\u00c2RJA Laz\u0103r"},"content":{"rendered":"<p>Ny\u00e1gra, 1897. m\u00e1rc. 16., \u2020 Lepus, 1987.: g\u00f6r. pap, esperes, alezredes. \u2013 A mv.-i garnizon gy\u00f3ntat\u00f3papja (1925), \u0151 szolg\u00e1ltatta a mis\u00e9t a Legion\u00e1rius Egyetemist\u00e1k Kongresszus\u00e1n (1936. \u00e1pr.). A h\u00e1boru ut\u00e1n r\u00e9szt vett az antikommunista mozgalomban. Letart\u00f3ztatt\u00e1k \u00e9s 6 \u00e9v b\u00f6rt\u00f6nre it\u00e9lt\u00e9k (1959. aug. 22), Aradon raboskodott amig kegyelmet nem kapott (1962). <br \/><strong>Irod.:<\/strong> Ioni\u0163oiu<\/br><\/p>\n","protected":false},"excerpt":{"rendered":"<p>Ny\u00e1gra, 1897. m\u00e1rc. 16., \u2020 Lepus, 1987.: g\u00f6r. pap, esperes, alezredes. \u2013 A mv.-i garnizon gy\u00f3ntat\u00f3papja (1925), \u0151 szolg\u00e1ltatta a mis\u00e9t a Legion\u00e1rius Egyetemist\u00e1k Kongresszus\u00e1n (1936. \u00e1pr.). A h\u00e1boru ut\u00e1n r\u00e9szt vett az antikommunista mozgalomban. Letart\u00f3ztatt\u00e1k \u00e9s 6 \u00e9v b\u00f6rt\u00f6nre it\u00e9lt\u00e9k (1959. aug. 22), Aradon raboskodott amig kegyelmet nem kapott (1962). Irod.: Ioni\u0163oiu<\/p>\n","protected":false},"featured_media":0,"comment_status":"open","ping_status":"closed","template":"","meta":[],"product_brand":[],"product_cat":[137],"product_tag":[],"class_list":{"0":"post-5597","1":"product","2":"type-product","3":"status-publish","5":"product_cat-maros-megyei-eletrajzi-lexikon","7":"first","8":"instock","9":"shipping-taxable","10":"product-type-simple"},"_links":{"self":[{"href":"https:\/\/uj.adatbank.ro\/lexikon\/wp-json\/wp\/v2\/product\/5597","targetHints":{"allow":["GET"]}}],"collection":[{"href":"https:\/\/uj.adatbank.ro\/lexikon\/wp-json\/wp\/v2\/product"}],"about":[{"href":"https:\/\/uj.adatbank.ro\/lexikon\/wp-json\/wp\/v2\/types\/product"}],"replies":[{"embeddable":true,"href":"https:\/\/uj.adatbank.ro\/lexikon\/wp-json\/wp\/v2\/comments?post=5597"}],"wp:attachment":[{"href":"https:\/\/uj.adatbank.ro\/lexikon\/wp-json\/wp\/v2\/media?parent=5597"}],"wp:term":[{"taxonomy":"product_brand","embeddable":true,"href":"https:\/\/uj.adatbank.ro\/lexikon\/wp-json\/wp\/v2\/product_brand?post=5597"},{"taxonomy":"product_cat","embeddable":true,"href":"https:\/\/uj.adatbank.ro\/lexikon\/wp-json\/wp\/v2\/product_cat?post=5597"},{"taxonomy":"product_tag","embeddable":true,"href":"https:\/\/uj.adatbank.ro\/lexikon\/wp-json\/wp\/v2\/product_tag?post=5597"}],"curies":[{"name":"wp","href":"https:\/\/api.w.org\/{rel}","templated":true}]}}