{"id":5599,"date":"2025-06-28T17:23:53","date_gmt":"2025-06-28T15:23:53","guid":{"rendered":"https:\/\/uj.adatbank.ro\/lexikon\/termek\/carstea-popa\/"},"modified":"2025-06-28T17:23:53","modified_gmt":"2025-06-28T15:23:53","slug":"carstea-popa","status":"publish","type":"product","link":"https:\/\/uj.adatbank.ro\/lexikon\/termek\/carstea-popa\/","title":{"rendered":"C\u00c2RSTEA, popa"},"content":{"rendered":"<p>? \u2020\u00a0? : g\u00f6r. kat. pap. \u2013 Gyul\u00e1son szolg\u00e1lt. Klein p\u00fcsp\u00f6k \u00f6ssze\u00edr\u00e1s\u00e1b\u00f3l (1733) kit\u0171nik, h. a g\u00f6r. kat. egyh\u00e1z Gyul\u00e1son templomot, par\u00f3chi\u00e1t, 9, 5 n\u00e9gysz\u00f6g\u00f6l kasz\u00e1l\u00f3t birtokolt, tagjainak sz\u00e1ma 140 volt. <br \/><strong>Irod.:<\/strong> Giulu\u015f<\/br><\/p>\n","protected":false},"excerpt":{"rendered":"<p>? \u2020\u00a0? : g\u00f6r. kat. pap. \u2013 Gyul\u00e1son szolg\u00e1lt. Klein p\u00fcsp\u00f6k \u00f6ssze\u00edr\u00e1s\u00e1b\u00f3l (1733) kit\u0171nik, h. a g\u00f6r. kat. egyh\u00e1z Gyul\u00e1son templomot, par\u00f3chi\u00e1t, 9, 5 n\u00e9gysz\u00f6g\u00f6l kasz\u00e1l\u00f3t birtokolt, tagjainak sz\u00e1ma 140 volt. Irod.: Giulu\u015f<\/p>\n","protected":false},"featured_media":0,"comment_status":"open","ping_status":"closed","template":"","meta":[],"product_brand":[],"product_cat":[137],"product_tag":[],"class_list":{"0":"post-5599","1":"product","2":"type-product","3":"status-publish","5":"product_cat-maros-megyei-eletrajzi-lexikon","7":"first","8":"instock","9":"shipping-taxable","10":"product-type-simple"},"_links":{"self":[{"href":"https:\/\/uj.adatbank.ro\/lexikon\/wp-json\/wp\/v2\/product\/5599","targetHints":{"allow":["GET"]}}],"collection":[{"href":"https:\/\/uj.adatbank.ro\/lexikon\/wp-json\/wp\/v2\/product"}],"about":[{"href":"https:\/\/uj.adatbank.ro\/lexikon\/wp-json\/wp\/v2\/types\/product"}],"replies":[{"embeddable":true,"href":"https:\/\/uj.adatbank.ro\/lexikon\/wp-json\/wp\/v2\/comments?post=5599"}],"wp:attachment":[{"href":"https:\/\/uj.adatbank.ro\/lexikon\/wp-json\/wp\/v2\/media?parent=5599"}],"wp:term":[{"taxonomy":"product_brand","embeddable":true,"href":"https:\/\/uj.adatbank.ro\/lexikon\/wp-json\/wp\/v2\/product_brand?post=5599"},{"taxonomy":"product_cat","embeddable":true,"href":"https:\/\/uj.adatbank.ro\/lexikon\/wp-json\/wp\/v2\/product_cat?post=5599"},{"taxonomy":"product_tag","embeddable":true,"href":"https:\/\/uj.adatbank.ro\/lexikon\/wp-json\/wp\/v2\/product_tag?post=5599"}],"curies":[{"name":"wp","href":"https:\/\/api.w.org\/{rel}","templated":true}]}}