{"id":5600,"date":"2025-06-28T17:23:55","date_gmt":"2025-06-28T15:23:55","guid":{"rendered":"https:\/\/uj.adatbank.ro\/lexikon\/termek\/caspar-aurifaber\/"},"modified":"2025-06-28T17:23:55","modified_gmt":"2025-06-28T15:23:55","slug":"caspar-aurifaber","status":"publish","type":"product","link":"https:\/\/uj.adatbank.ro\/lexikon\/termek\/caspar-aurifaber\/","title":{"rendered":"CASPAR Aurifaber"},"content":{"rendered":"<p>? \u2020\u00a0? : \u00f6tv\u00f6s, , aranym\u0171ves. \u2013 \u00d6ssze\u00edr\u00e1sok eml\u00edtett\u00e9k Mv.-en (1602). A Giorgio Basta \u00e1ltal a cs\u00e1sz\u00e1ri h\u0171s\u00e9gre felesketett marossz\u00e9ki nemesek, l\u00f3f\u0151k, pusk\u00e1s gyalogok \u00e9s szabad sz\u00e9kelyek katonai \u00f6ssze\u00edr\u00e1s\u00e1ban Mv.-en-szerepel a neve (1603. febr. 7). <br \/><strong>Irod.:<\/strong> Id\u0151t\u00e1r 1; SzOKT \u00daj s. 4.<\/br><\/p>\n","protected":false},"excerpt":{"rendered":"<p>? \u2020\u00a0? : \u00f6tv\u00f6s, , aranym\u0171ves. \u2013 \u00d6ssze\u00edr\u00e1sok eml\u00edtett\u00e9k Mv.-en (1602). A Giorgio Basta \u00e1ltal a cs\u00e1sz\u00e1ri h\u0171s\u00e9gre felesketett marossz\u00e9ki nemesek, l\u00f3f\u0151k, pusk\u00e1s gyalogok \u00e9s szabad sz\u00e9kelyek katonai \u00f6ssze\u00edr\u00e1s\u00e1ban Mv.-en-szerepel a neve (1603. febr. 7). Irod.: Id\u0151t\u00e1r 1; SzOKT \u00daj s. 4.<\/p>\n","protected":false},"featured_media":0,"comment_status":"open","ping_status":"closed","template":"","meta":[],"product_brand":[],"product_cat":[137],"product_tag":[],"class_list":{"0":"post-5600","1":"product","2":"type-product","3":"status-publish","5":"product_cat-maros-megyei-eletrajzi-lexikon","7":"first","8":"instock","9":"shipping-taxable","10":"product-type-simple"},"_links":{"self":[{"href":"https:\/\/uj.adatbank.ro\/lexikon\/wp-json\/wp\/v2\/product\/5600","targetHints":{"allow":["GET"]}}],"collection":[{"href":"https:\/\/uj.adatbank.ro\/lexikon\/wp-json\/wp\/v2\/product"}],"about":[{"href":"https:\/\/uj.adatbank.ro\/lexikon\/wp-json\/wp\/v2\/types\/product"}],"replies":[{"embeddable":true,"href":"https:\/\/uj.adatbank.ro\/lexikon\/wp-json\/wp\/v2\/comments?post=5600"}],"wp:attachment":[{"href":"https:\/\/uj.adatbank.ro\/lexikon\/wp-json\/wp\/v2\/media?parent=5600"}],"wp:term":[{"taxonomy":"product_brand","embeddable":true,"href":"https:\/\/uj.adatbank.ro\/lexikon\/wp-json\/wp\/v2\/product_brand?post=5600"},{"taxonomy":"product_cat","embeddable":true,"href":"https:\/\/uj.adatbank.ro\/lexikon\/wp-json\/wp\/v2\/product_cat?post=5600"},{"taxonomy":"product_tag","embeddable":true,"href":"https:\/\/uj.adatbank.ro\/lexikon\/wp-json\/wp\/v2\/product_tag?post=5600"}],"curies":[{"name":"wp","href":"https:\/\/api.w.org\/{rel}","templated":true}]}}