{"id":5609,"date":"2025-06-28T17:24:14","date_gmt":"2025-06-28T15:24:14","guid":{"rendered":"https:\/\/uj.adatbank.ro\/lexikon\/termek\/catone-ioan\/"},"modified":"2025-06-28T17:24:14","modified_gmt":"2025-06-28T15:24:14","slug":"catone-ioan","status":"publish","type":"product","link":"https:\/\/uj.adatbank.ro\/lexikon\/termek\/catone-ioan\/","title":{"rendered":"CATONE Ioan"},"content":{"rendered":"<p>1856., \u2020\u00a0Toldalag, 1901 \u00e1pr. 13.: g\u00f6r. kat. pap. \u2013 Papp\u00e1 szentelt\u00e9k Bal\u00e1zsfalv\u00e1n (1879). Seg\u00e9dpapk\u00e9nt szolg\u00e1lt Toldalagon (1879\u201398), majd lelk\u00e9sz Vajdaszentiv\u00e1nyon (1898\u20131901). <br \/><strong>Irod.:<\/strong> Dobozi<\/br><\/p>\n","protected":false},"excerpt":{"rendered":"<p>1856., \u2020\u00a0Toldalag, 1901 \u00e1pr. 13.: g\u00f6r. kat. pap. \u2013 Papp\u00e1 szentelt\u00e9k Bal\u00e1zsfalv\u00e1n (1879). Seg\u00e9dpapk\u00e9nt szolg\u00e1lt Toldalagon (1879\u201398), majd lelk\u00e9sz Vajdaszentiv\u00e1nyon (1898\u20131901). Irod.: Dobozi<\/p>\n","protected":false},"featured_media":0,"comment_status":"open","ping_status":"closed","template":"","meta":[],"product_brand":[],"product_cat":[137],"product_tag":[],"class_list":{"0":"post-5609","1":"product","2":"type-product","3":"status-publish","5":"product_cat-maros-megyei-eletrajzi-lexikon","7":"first","8":"instock","9":"shipping-taxable","10":"product-type-simple"},"_links":{"self":[{"href":"https:\/\/uj.adatbank.ro\/lexikon\/wp-json\/wp\/v2\/product\/5609","targetHints":{"allow":["GET"]}}],"collection":[{"href":"https:\/\/uj.adatbank.ro\/lexikon\/wp-json\/wp\/v2\/product"}],"about":[{"href":"https:\/\/uj.adatbank.ro\/lexikon\/wp-json\/wp\/v2\/types\/product"}],"replies":[{"embeddable":true,"href":"https:\/\/uj.adatbank.ro\/lexikon\/wp-json\/wp\/v2\/comments?post=5609"}],"wp:attachment":[{"href":"https:\/\/uj.adatbank.ro\/lexikon\/wp-json\/wp\/v2\/media?parent=5609"}],"wp:term":[{"taxonomy":"product_brand","embeddable":true,"href":"https:\/\/uj.adatbank.ro\/lexikon\/wp-json\/wp\/v2\/product_brand?post=5609"},{"taxonomy":"product_cat","embeddable":true,"href":"https:\/\/uj.adatbank.ro\/lexikon\/wp-json\/wp\/v2\/product_cat?post=5609"},{"taxonomy":"product_tag","embeddable":true,"href":"https:\/\/uj.adatbank.ro\/lexikon\/wp-json\/wp\/v2\/product_tag?post=5609"}],"curies":[{"name":"wp","href":"https:\/\/api.w.org\/{rel}","templated":true}]}}