{"id":5610,"date":"2025-06-28T17:24:16","date_gmt":"2025-06-28T15:24:16","guid":{"rendered":"https:\/\/uj.adatbank.ro\/lexikon\/termek\/cazan-george\/"},"modified":"2025-06-28T17:24:16","modified_gmt":"2025-06-28T15:24:16","slug":"cazan-george","status":"publish","type":"product","link":"https:\/\/uj.adatbank.ro\/lexikon\/termek\/cazan-george\/","title":{"rendered":"C\u0102ZAN George"},"content":{"rendered":"<p>? \u2020 ? : ort. tan\u00edt\u00f3. \u2013 F\u00fcleh\u00e1z\u00e1n tan\u00edtott. A tan\u00fcgyminiszter k\u00e9tszer k\u00e9rte lev\u00e1lt\u00e1s\u00e1t a m. nyelv ismeret\u00e9nek hi\u00e1nya miatt (1898\u2013). A falu ort. esperese v\u00e9delm\u00e9be vette, mert teol\u00f3giai \u00e9s pedag\u00f3giai v\u00e9gzetts\u00e9ge volt. <br \/><strong>Irod.:<\/strong> Dobozi<\/br><\/p>\n","protected":false},"excerpt":{"rendered":"<p>? \u2020 ? : ort. tan\u00edt\u00f3. \u2013 F\u00fcleh\u00e1z\u00e1n tan\u00edtott. A tan\u00fcgyminiszter k\u00e9tszer k\u00e9rte lev\u00e1lt\u00e1s\u00e1t a m. nyelv ismeret\u00e9nek hi\u00e1nya miatt (1898\u2013). A falu ort. esperese v\u00e9delm\u00e9be vette, mert teol\u00f3giai \u00e9s pedag\u00f3giai v\u00e9gzetts\u00e9ge volt. Irod.: Dobozi<\/p>\n","protected":false},"featured_media":0,"comment_status":"open","ping_status":"closed","template":"","meta":[],"product_brand":[],"product_cat":[137],"product_tag":[],"class_list":{"0":"post-5610","1":"product","2":"type-product","3":"status-publish","5":"product_cat-maros-megyei-eletrajzi-lexikon","7":"first","8":"instock","9":"shipping-taxable","10":"product-type-simple"},"_links":{"self":[{"href":"https:\/\/uj.adatbank.ro\/lexikon\/wp-json\/wp\/v2\/product\/5610","targetHints":{"allow":["GET"]}}],"collection":[{"href":"https:\/\/uj.adatbank.ro\/lexikon\/wp-json\/wp\/v2\/product"}],"about":[{"href":"https:\/\/uj.adatbank.ro\/lexikon\/wp-json\/wp\/v2\/types\/product"}],"replies":[{"embeddable":true,"href":"https:\/\/uj.adatbank.ro\/lexikon\/wp-json\/wp\/v2\/comments?post=5610"}],"wp:attachment":[{"href":"https:\/\/uj.adatbank.ro\/lexikon\/wp-json\/wp\/v2\/media?parent=5610"}],"wp:term":[{"taxonomy":"product_brand","embeddable":true,"href":"https:\/\/uj.adatbank.ro\/lexikon\/wp-json\/wp\/v2\/product_brand?post=5610"},{"taxonomy":"product_cat","embeddable":true,"href":"https:\/\/uj.adatbank.ro\/lexikon\/wp-json\/wp\/v2\/product_cat?post=5610"},{"taxonomy":"product_tag","embeddable":true,"href":"https:\/\/uj.adatbank.ro\/lexikon\/wp-json\/wp\/v2\/product_tag?post=5610"}],"curies":[{"name":"wp","href":"https:\/\/api.w.org\/{rel}","templated":true}]}}