{"id":5613,"date":"2025-06-28T17:24:22","date_gmt":"2025-06-28T15:24:22","guid":{"rendered":"https:\/\/uj.adatbank.ro\/lexikon\/termek\/ceausescu-nicolae\/"},"modified":"2025-06-28T17:24:22","modified_gmt":"2025-06-28T15:24:22","slug":"ceausescu-nicolae","status":"publish","type":"product","link":"https:\/\/uj.adatbank.ro\/lexikon\/termek\/ceausescu-nicolae\/","title":{"rendered":"CEAU\u015eESCU Nicolae"},"content":{"rendered":"<p>1918., \u2020\u00a0Buc., 1989. dec. 25.: politikus. \u2013 A RKP els\u0151titk\u00e1ra (1965. m\u00e1rc. 22.), f\u0151titk\u00e1ra (1969\u201399). A nemzetis\u00e9gpolitik\u00e1j\u00e1nak r\u00e9szek\u00e9nt az RKP legfels\u0151bb vezet\u00e9se \u00e9l\u00e9n a f\u0151titk\u00e1rral ell\u00e1togatott a MMAT-ba, Mv.-re: 1960. j\u00fal. 15.; 1964. jan. 16\u201319.; 1966. aug. 12\u201314.; 1967. szept. 28. (Todor Zsivkov, Bolg\u00e1r K. P. els\u0151 titik\u00e1r\u00e1val \u00e9s m\u00e1sodszor 1976. okt. 4. l\u00e1togattak k\u00f6z\u00f6sen); 1970. m\u00e1j. 15. \u00e1rv\u00edz ut\u00e1n; 1975. szept. 29.; felkereste Segesv\u00e1rt \u00e9s Dics\u0151szentm\u00e1rtont \u00e1rv\u00edzkor (1975. j\u00fal. 3.). A feles\u00e9g\u00e9vel l\u00e1togatott Mv.-re (1983. szept. 12\u201313. \u00e9s 1987. szept. 15\u201316 Sz\u00e1szr\u00e9genbe, Mv.-re, ez az utols\u00f3 l\u00e1togat\u00e1suk). <br \/><strong>Irod.:<\/strong> Aranykorszak; Id\u0151t\u00e1r 4.<\/br><\/p>\n","protected":false},"excerpt":{"rendered":"<p>1918., \u2020\u00a0Buc., 1989. dec. 25.: politikus. \u2013 A RKP els\u0151titk\u00e1ra (1965. m\u00e1rc. 22.), f\u0151titk\u00e1ra (1969\u201399). A nemzetis\u00e9gpolitik\u00e1j\u00e1nak r\u00e9szek\u00e9nt az RKP legfels\u0151bb vezet\u00e9se \u00e9l\u00e9n a f\u0151titk\u00e1rral ell\u00e1togatott a MMAT-ba, Mv.-re: 1960. j\u00fal. 15.; 1964. jan. 16\u201319.; 1966. aug. 12\u201314.; 1967. szept. 28. (Todor Zsivkov, Bolg\u00e1r K. P. els\u0151 titik\u00e1r\u00e1val \u00e9s m\u00e1sodszor 1976. okt. 4. l\u00e1togattak k\u00f6z\u00f6sen); [&hellip;]<\/p>\n","protected":false},"featured_media":0,"comment_status":"open","ping_status":"closed","template":"","meta":[],"product_brand":[],"product_cat":[137],"product_tag":[],"class_list":{"0":"post-5613","1":"product","2":"type-product","3":"status-publish","5":"product_cat-maros-megyei-eletrajzi-lexikon","7":"first","8":"instock","9":"shipping-taxable","10":"product-type-simple"},"_links":{"self":[{"href":"https:\/\/uj.adatbank.ro\/lexikon\/wp-json\/wp\/v2\/product\/5613","targetHints":{"allow":["GET"]}}],"collection":[{"href":"https:\/\/uj.adatbank.ro\/lexikon\/wp-json\/wp\/v2\/product"}],"about":[{"href":"https:\/\/uj.adatbank.ro\/lexikon\/wp-json\/wp\/v2\/types\/product"}],"replies":[{"embeddable":true,"href":"https:\/\/uj.adatbank.ro\/lexikon\/wp-json\/wp\/v2\/comments?post=5613"}],"wp:attachment":[{"href":"https:\/\/uj.adatbank.ro\/lexikon\/wp-json\/wp\/v2\/media?parent=5613"}],"wp:term":[{"taxonomy":"product_brand","embeddable":true,"href":"https:\/\/uj.adatbank.ro\/lexikon\/wp-json\/wp\/v2\/product_brand?post=5613"},{"taxonomy":"product_cat","embeddable":true,"href":"https:\/\/uj.adatbank.ro\/lexikon\/wp-json\/wp\/v2\/product_cat?post=5613"},{"taxonomy":"product_tag","embeddable":true,"href":"https:\/\/uj.adatbank.ro\/lexikon\/wp-json\/wp\/v2\/product_tag?post=5613"}],"curies":[{"name":"wp","href":"https:\/\/api.w.org\/{rel}","templated":true}]}}