{"id":5616,"date":"2025-06-28T17:24:27","date_gmt":"2025-06-28T15:24:27","guid":{"rendered":"https:\/\/uj.adatbank.ro\/lexikon\/termek\/cengher-eugen\/"},"modified":"2025-06-28T17:24:27","modified_gmt":"2025-06-28T15:24:27","slug":"cengher-eugen","status":"publish","type":"product","link":"https:\/\/uj.adatbank.ro\/lexikon\/termek\/cengher-eugen\/","title":{"rendered":"CENGHER Eugen"},"content":{"rendered":"<p>1908., \u2020 Ratosnya, 1948. j\u00fan.: k\u00f6zgazd\u00e1sz. &#8211; Antikommunista harcos. Letart\u00f3ztatt\u00e1k Ratosny\u00e1n (1948), a kihallgat\u00f3ja l\u0151tte le. <br \/><strong>Irod.:<\/strong> Balint; Ioni\u0163oiu<\/br><\/p>\n","protected":false},"excerpt":{"rendered":"<p>1908., \u2020 Ratosnya, 1948. j\u00fan.: k\u00f6zgazd\u00e1sz. &#8211; Antikommunista harcos. Letart\u00f3ztatt\u00e1k Ratosny\u00e1n (1948), a kihallgat\u00f3ja l\u0151tte le. Irod.: Balint; Ioni\u0163oiu<\/p>\n","protected":false},"featured_media":0,"comment_status":"open","ping_status":"closed","template":"","meta":[],"product_brand":[],"product_cat":[137],"product_tag":[],"class_list":{"0":"post-5616","1":"product","2":"type-product","3":"status-publish","5":"product_cat-maros-megyei-eletrajzi-lexikon","7":"first","8":"instock","9":"shipping-taxable","10":"product-type-simple"},"_links":{"self":[{"href":"https:\/\/uj.adatbank.ro\/lexikon\/wp-json\/wp\/v2\/product\/5616","targetHints":{"allow":["GET"]}}],"collection":[{"href":"https:\/\/uj.adatbank.ro\/lexikon\/wp-json\/wp\/v2\/product"}],"about":[{"href":"https:\/\/uj.adatbank.ro\/lexikon\/wp-json\/wp\/v2\/types\/product"}],"replies":[{"embeddable":true,"href":"https:\/\/uj.adatbank.ro\/lexikon\/wp-json\/wp\/v2\/comments?post=5616"}],"wp:attachment":[{"href":"https:\/\/uj.adatbank.ro\/lexikon\/wp-json\/wp\/v2\/media?parent=5616"}],"wp:term":[{"taxonomy":"product_brand","embeddable":true,"href":"https:\/\/uj.adatbank.ro\/lexikon\/wp-json\/wp\/v2\/product_brand?post=5616"},{"taxonomy":"product_cat","embeddable":true,"href":"https:\/\/uj.adatbank.ro\/lexikon\/wp-json\/wp\/v2\/product_cat?post=5616"},{"taxonomy":"product_tag","embeddable":true,"href":"https:\/\/uj.adatbank.ro\/lexikon\/wp-json\/wp\/v2\/product_tag?post=5616"}],"curies":[{"name":"wp","href":"https:\/\/api.w.org\/{rel}","templated":true}]}}