{"id":5617,"date":"2025-06-28T17:24:29","date_gmt":"2025-06-28T15:24:29","guid":{"rendered":"https:\/\/uj.adatbank.ro\/lexikon\/termek\/cengher-sava-cenger-sava\/"},"modified":"2025-06-28T17:24:29","modified_gmt":"2025-06-28T15:24:29","slug":"cengher-sava-cenger-sava","status":"publish","type":"product","link":"https:\/\/uj.adatbank.ro\/lexikon\/termek\/cengher-sava-cenger-sava\/","title":{"rendered":"CENGHER Sava, Cenger Sava"},"content":{"rendered":"<p>? \u2020 ? : ort. pap. \u2013 Havasalf\u00f6ld\u00f6n szentelt\u00e9k papp\u00e1, mert Erd\u00e9lyben akkor ez m\u00e9g lehetetlen volt (1805). L\u00f6v\u00e9ren szolg\u00e1lt k\u00e9t papt\u00e1rs\u00e1val egy\u00fctt. Kisilye sorrendben m\u00e1sodik ort. papja <br \/><strong>Irod.:<\/strong> Dobozi<\/br><\/p>\n","protected":false},"excerpt":{"rendered":"<p>? \u2020 ? : ort. pap. \u2013 Havasalf\u00f6ld\u00f6n szentelt\u00e9k papp\u00e1, mert Erd\u00e9lyben akkor ez m\u00e9g lehetetlen volt (1805). L\u00f6v\u00e9ren szolg\u00e1lt k\u00e9t papt\u00e1rs\u00e1val egy\u00fctt. Kisilye sorrendben m\u00e1sodik ort. papja Irod.: Dobozi<\/p>\n","protected":false},"featured_media":0,"comment_status":"open","ping_status":"closed","template":"","meta":[],"product_brand":[],"product_cat":[137],"product_tag":[],"class_list":{"0":"post-5617","1":"product","2":"type-product","3":"status-publish","5":"product_cat-maros-megyei-eletrajzi-lexikon","7":"first","8":"instock","9":"shipping-taxable","10":"product-type-simple"},"_links":{"self":[{"href":"https:\/\/uj.adatbank.ro\/lexikon\/wp-json\/wp\/v2\/product\/5617","targetHints":{"allow":["GET"]}}],"collection":[{"href":"https:\/\/uj.adatbank.ro\/lexikon\/wp-json\/wp\/v2\/product"}],"about":[{"href":"https:\/\/uj.adatbank.ro\/lexikon\/wp-json\/wp\/v2\/types\/product"}],"replies":[{"embeddable":true,"href":"https:\/\/uj.adatbank.ro\/lexikon\/wp-json\/wp\/v2\/comments?post=5617"}],"wp:attachment":[{"href":"https:\/\/uj.adatbank.ro\/lexikon\/wp-json\/wp\/v2\/media?parent=5617"}],"wp:term":[{"taxonomy":"product_brand","embeddable":true,"href":"https:\/\/uj.adatbank.ro\/lexikon\/wp-json\/wp\/v2\/product_brand?post=5617"},{"taxonomy":"product_cat","embeddable":true,"href":"https:\/\/uj.adatbank.ro\/lexikon\/wp-json\/wp\/v2\/product_cat?post=5617"},{"taxonomy":"product_tag","embeddable":true,"href":"https:\/\/uj.adatbank.ro\/lexikon\/wp-json\/wp\/v2\/product_tag?post=5617"}],"curies":[{"name":"wp","href":"https:\/\/api.w.org\/{rel}","templated":true}]}}