{"id":5619,"date":"2025-06-28T17:24:33","date_gmt":"2025-06-28T15:24:33","guid":{"rendered":"https:\/\/uj.adatbank.ro\/lexikon\/termek\/cengher-valer\/"},"modified":"2025-06-28T17:24:33","modified_gmt":"2025-06-28T15:24:33","slug":"cengher-valer","status":"publish","type":"product","link":"https:\/\/uj.adatbank.ro\/lexikon\/termek\/cengher-valer\/","title":{"rendered":"CENGHER Valer"},"content":{"rendered":"<p>Erd\u0151szak\u00e1l, ? \u2020 ? : t\u00e1bornok. \u2013 A Rom\u00e1n hadseregben szolg\u00e1lt Kv.-on mint t\u00e1bornok. &#8211;<br \/><strong>Irod.:<\/strong> S\u0103calu de P\u0103dure<\/br><\/p>\n","protected":false},"excerpt":{"rendered":"<p>Erd\u0151szak\u00e1l, ? \u2020 ? : t\u00e1bornok. \u2013 A Rom\u00e1n hadseregben szolg\u00e1lt Kv.-on mint t\u00e1bornok. &#8211;Irod.: S\u0103calu de P\u0103dure<\/p>\n","protected":false},"featured_media":0,"comment_status":"open","ping_status":"closed","template":"","meta":[],"product_brand":[],"product_cat":[137],"product_tag":[],"class_list":{"0":"post-5619","1":"product","2":"type-product","3":"status-publish","5":"product_cat-maros-megyei-eletrajzi-lexikon","7":"first","8":"instock","9":"shipping-taxable","10":"product-type-simple"},"_links":{"self":[{"href":"https:\/\/uj.adatbank.ro\/lexikon\/wp-json\/wp\/v2\/product\/5619","targetHints":{"allow":["GET"]}}],"collection":[{"href":"https:\/\/uj.adatbank.ro\/lexikon\/wp-json\/wp\/v2\/product"}],"about":[{"href":"https:\/\/uj.adatbank.ro\/lexikon\/wp-json\/wp\/v2\/types\/product"}],"replies":[{"embeddable":true,"href":"https:\/\/uj.adatbank.ro\/lexikon\/wp-json\/wp\/v2\/comments?post=5619"}],"wp:attachment":[{"href":"https:\/\/uj.adatbank.ro\/lexikon\/wp-json\/wp\/v2\/media?parent=5619"}],"wp:term":[{"taxonomy":"product_brand","embeddable":true,"href":"https:\/\/uj.adatbank.ro\/lexikon\/wp-json\/wp\/v2\/product_brand?post=5619"},{"taxonomy":"product_cat","embeddable":true,"href":"https:\/\/uj.adatbank.ro\/lexikon\/wp-json\/wp\/v2\/product_cat?post=5619"},{"taxonomy":"product_tag","embeddable":true,"href":"https:\/\/uj.adatbank.ro\/lexikon\/wp-json\/wp\/v2\/product_tag?post=5619"}],"curies":[{"name":"wp","href":"https:\/\/api.w.org\/{rel}","templated":true}]}}