{"id":5621,"date":"2025-06-28T17:24:35","date_gmt":"2025-06-28T15:24:35","guid":{"rendered":"https:\/\/uj.adatbank.ro\/lexikon\/termek\/ceontea-grigore\/"},"modified":"2025-06-28T17:24:35","modified_gmt":"2025-06-28T15:24:35","slug":"ceontea-grigore","status":"publish","type":"product","link":"https:\/\/uj.adatbank.ro\/lexikon\/termek\/ceontea-grigore\/","title":{"rendered":"CEONTEA Grigore"},"content":{"rendered":"<p>? \u2020 ? : tan\u00edt\u00f3. \u2013 Ny\u00e1r\u00e1dszentbenedeken a rom\u00e1n tannyelv\u0171 iskola tan\u00edt\u00f3ja volt (1923\u201331). <br \/><strong>Irod.:<\/strong> Ny\u00e1r\u00e1dszentbenedek<\/br><\/p>\n","protected":false},"excerpt":{"rendered":"<p>? \u2020 ? : tan\u00edt\u00f3. \u2013 Ny\u00e1r\u00e1dszentbenedeken a rom\u00e1n tannyelv\u0171 iskola tan\u00edt\u00f3ja volt (1923\u201331). Irod.: Ny\u00e1r\u00e1dszentbenedek<\/p>\n","protected":false},"featured_media":0,"comment_status":"open","ping_status":"closed","template":"","meta":[],"product_brand":[],"product_cat":[137],"product_tag":[],"class_list":{"0":"post-5621","1":"product","2":"type-product","3":"status-publish","5":"product_cat-maros-megyei-eletrajzi-lexikon","7":"first","8":"instock","9":"shipping-taxable","10":"product-type-simple"},"_links":{"self":[{"href":"https:\/\/uj.adatbank.ro\/lexikon\/wp-json\/wp\/v2\/product\/5621","targetHints":{"allow":["GET"]}}],"collection":[{"href":"https:\/\/uj.adatbank.ro\/lexikon\/wp-json\/wp\/v2\/product"}],"about":[{"href":"https:\/\/uj.adatbank.ro\/lexikon\/wp-json\/wp\/v2\/types\/product"}],"replies":[{"embeddable":true,"href":"https:\/\/uj.adatbank.ro\/lexikon\/wp-json\/wp\/v2\/comments?post=5621"}],"wp:attachment":[{"href":"https:\/\/uj.adatbank.ro\/lexikon\/wp-json\/wp\/v2\/media?parent=5621"}],"wp:term":[{"taxonomy":"product_brand","embeddable":true,"href":"https:\/\/uj.adatbank.ro\/lexikon\/wp-json\/wp\/v2\/product_brand?post=5621"},{"taxonomy":"product_cat","embeddable":true,"href":"https:\/\/uj.adatbank.ro\/lexikon\/wp-json\/wp\/v2\/product_cat?post=5621"},{"taxonomy":"product_tag","embeddable":true,"href":"https:\/\/uj.adatbank.ro\/lexikon\/wp-json\/wp\/v2\/product_tag?post=5621"}],"curies":[{"name":"wp","href":"https:\/\/api.w.org\/{rel}","templated":true}]}}