{"id":5626,"date":"2025-06-28T17:24:43","date_gmt":"2025-06-28T15:24:43","guid":{"rendered":"https:\/\/uj.adatbank.ro\/lexikon\/termek\/cercea-ioan\/"},"modified":"2025-06-28T17:24:43","modified_gmt":"2025-06-28T15:24:43","slug":"cercea-ioan","status":"publish","type":"product","link":"https:\/\/uj.adatbank.ro\/lexikon\/termek\/cercea-ioan\/","title":{"rendered":"CERCEA Ioan"},"content":{"rendered":"<p>? \u2020\u00a0? : f\u0151hadnagy. \u2013 Mv.-en a MAT securitate tartom\u00e1nyi igazgat\u00f3s\u00e1g\u00e1n oszt\u00e1lyvezet\u0151 f\u0151hadnagy elt\u00e1vol\u00edt\u00e1s\u00e1ig (1954\u201356). <br \/><strong>Irod.:<\/strong> Bartos 2012<\/br><\/p>\n","protected":false},"excerpt":{"rendered":"<p>? \u2020\u00a0? : f\u0151hadnagy. \u2013 Mv.-en a MAT securitate tartom\u00e1nyi igazgat\u00f3s\u00e1g\u00e1n oszt\u00e1lyvezet\u0151 f\u0151hadnagy elt\u00e1vol\u00edt\u00e1s\u00e1ig (1954\u201356). Irod.: Bartos 2012<\/p>\n","protected":false},"featured_media":0,"comment_status":"open","ping_status":"closed","template":"","meta":[],"product_brand":[],"product_cat":[137],"product_tag":[],"class_list":{"0":"post-5626","1":"product","2":"type-product","3":"status-publish","5":"product_cat-maros-megyei-eletrajzi-lexikon","7":"first","8":"instock","9":"shipping-taxable","10":"product-type-simple"},"_links":{"self":[{"href":"https:\/\/uj.adatbank.ro\/lexikon\/wp-json\/wp\/v2\/product\/5626","targetHints":{"allow":["GET"]}}],"collection":[{"href":"https:\/\/uj.adatbank.ro\/lexikon\/wp-json\/wp\/v2\/product"}],"about":[{"href":"https:\/\/uj.adatbank.ro\/lexikon\/wp-json\/wp\/v2\/types\/product"}],"replies":[{"embeddable":true,"href":"https:\/\/uj.adatbank.ro\/lexikon\/wp-json\/wp\/v2\/comments?post=5626"}],"wp:attachment":[{"href":"https:\/\/uj.adatbank.ro\/lexikon\/wp-json\/wp\/v2\/media?parent=5626"}],"wp:term":[{"taxonomy":"product_brand","embeddable":true,"href":"https:\/\/uj.adatbank.ro\/lexikon\/wp-json\/wp\/v2\/product_brand?post=5626"},{"taxonomy":"product_cat","embeddable":true,"href":"https:\/\/uj.adatbank.ro\/lexikon\/wp-json\/wp\/v2\/product_cat?post=5626"},{"taxonomy":"product_tag","embeddable":true,"href":"https:\/\/uj.adatbank.ro\/lexikon\/wp-json\/wp\/v2\/product_tag?post=5626"}],"curies":[{"name":"wp","href":"https:\/\/api.w.org\/{rel}","templated":true}]}}