{"id":5628,"date":"2025-06-28T17:24:49","date_gmt":"2025-06-28T15:24:49","guid":{"rendered":"https:\/\/uj.adatbank.ro\/lexikon\/termek\/cerghizan-ioan-2\/"},"modified":"2025-06-28T17:24:49","modified_gmt":"2025-06-28T15:24:49","slug":"cerghizan-ioan-2","status":"publish","type":"product","link":"https:\/\/uj.adatbank.ro\/lexikon\/termek\/cerghizan-ioan-2\/","title":{"rendered":"CERGHIZAN Ioan"},"content":{"rendered":"<p>? \u2020\u00a0? : ort. pap. \u2013 Als\u00f3r\u00e9p\u00e1n szolg\u00e1lt (1966\u201376). Renov\u00e1ltatta a r\u00e9gi templomot (1969), pl\u00e9b\u00e1nia \u00e9p\u00fcletet \u00e9s papi lak\u00e1st \u00e9p\u00edttetett (1968), majd befejezte a pirosban maradt a tet\u0151ig fel\u00e9p\u00edtett \u00faj templomot (Alapozt\u00e1k 1938; a tet\u0151ig \u00e9p\u00edtett\u00e9k 1970, majd befejezt\u00e9k 1976.). <br \/><strong>Irod.:<\/strong> Reghin, Protopopiat<\/br><\/p>\n","protected":false},"excerpt":{"rendered":"<p>? \u2020\u00a0? : ort. pap. \u2013 Als\u00f3r\u00e9p\u00e1n szolg\u00e1lt (1966\u201376). Renov\u00e1ltatta a r\u00e9gi templomot (1969), pl\u00e9b\u00e1nia \u00e9p\u00fcletet \u00e9s papi lak\u00e1st \u00e9p\u00edttetett (1968), majd befejezte a pirosban maradt a tet\u0151ig fel\u00e9p\u00edtett \u00faj templomot (Alapozt\u00e1k 1938; a tet\u0151ig \u00e9p\u00edtett\u00e9k 1970, majd befejezt\u00e9k 1976.). Irod.: Reghin, Protopopiat<\/p>\n","protected":false},"featured_media":0,"comment_status":"open","ping_status":"closed","template":"","meta":[],"product_brand":[],"product_cat":[137],"product_tag":[],"class_list":{"0":"post-5628","1":"product","2":"type-product","3":"status-publish","5":"product_cat-maros-megyei-eletrajzi-lexikon","7":"first","8":"instock","9":"shipping-taxable","10":"product-type-simple"},"_links":{"self":[{"href":"https:\/\/uj.adatbank.ro\/lexikon\/wp-json\/wp\/v2\/product\/5628","targetHints":{"allow":["GET"]}}],"collection":[{"href":"https:\/\/uj.adatbank.ro\/lexikon\/wp-json\/wp\/v2\/product"}],"about":[{"href":"https:\/\/uj.adatbank.ro\/lexikon\/wp-json\/wp\/v2\/types\/product"}],"replies":[{"embeddable":true,"href":"https:\/\/uj.adatbank.ro\/lexikon\/wp-json\/wp\/v2\/comments?post=5628"}],"wp:attachment":[{"href":"https:\/\/uj.adatbank.ro\/lexikon\/wp-json\/wp\/v2\/media?parent=5628"}],"wp:term":[{"taxonomy":"product_brand","embeddable":true,"href":"https:\/\/uj.adatbank.ro\/lexikon\/wp-json\/wp\/v2\/product_brand?post=5628"},{"taxonomy":"product_cat","embeddable":true,"href":"https:\/\/uj.adatbank.ro\/lexikon\/wp-json\/wp\/v2\/product_cat?post=5628"},{"taxonomy":"product_tag","embeddable":true,"href":"https:\/\/uj.adatbank.ro\/lexikon\/wp-json\/wp\/v2\/product_tag?post=5628"}],"curies":[{"name":"wp","href":"https:\/\/api.w.org\/{rel}","templated":true}]}}