{"id":5629,"date":"2025-06-28T17:24:50","date_gmt":"2025-06-28T15:24:50","guid":{"rendered":"https:\/\/uj.adatbank.ro\/lexikon\/termek\/cerghizan-viorel-ioan\/"},"modified":"2025-06-28T17:24:50","modified_gmt":"2025-06-28T15:24:50","slug":"cerghizan-viorel-ioan","status":"publish","type":"product","link":"https:\/\/uj.adatbank.ro\/lexikon\/termek\/cerghizan-viorel-ioan\/","title":{"rendered":"CERGHIZAN Viorel Ioan"},"content":{"rendered":"<p>Szentm\u00e1t\u00e9, 1934. m\u00e1rc. 4., \u2020 Mv., 2004. szept. 10.: m\u00e9rn\u00f6k. \u2013 Mv.-en v\u00e9gezte a m\u0171szaki k\u00f6z\u00e9piskol\u00e1t, majd a buk.-i M\u0171egyetem Elektrotechnika- Energetika fakult\u00e1st\u00e1t (1958). A K\u00f6zponti Revizi\u00f3s Bizotts\u00e1g tagja (1979. nov. 23. \u2013 1984. nov. 3.), Maros megye k\u00e9pvisel\u0151je (1969. m\u00e1rc. 2. \u2013 1980. m\u00e1rc. 9.). A radn\u00f3ti H\u0151er\u0151m\u0171 igazgat\u00f3ja volt (1975 -?). <br \/><strong>Irod.:<\/strong> C. L. (2004. szept. 10.); Cri\u015fan<\/br><\/p>\n","protected":false},"excerpt":{"rendered":"<p>Szentm\u00e1t\u00e9, 1934. m\u00e1rc. 4., \u2020 Mv., 2004. szept. 10.: m\u00e9rn\u00f6k. \u2013 Mv.-en v\u00e9gezte a m\u0171szaki k\u00f6z\u00e9piskol\u00e1t, majd a buk.-i M\u0171egyetem Elektrotechnika- Energetika fakult\u00e1st\u00e1t (1958). A K\u00f6zponti Revizi\u00f3s Bizotts\u00e1g tagja (1979. nov. 23. \u2013 1984. nov. 3.), Maros megye k\u00e9pvisel\u0151je (1969. m\u00e1rc. 2. \u2013 1980. m\u00e1rc. 9.). A radn\u00f3ti H\u0151er\u0151m\u0171 igazgat\u00f3ja volt (1975 -?). Irod.: C. [&hellip;]<\/p>\n","protected":false},"featured_media":0,"comment_status":"open","ping_status":"closed","template":"","meta":[],"product_brand":[],"product_cat":[137],"product_tag":[],"class_list":{"0":"post-5629","1":"product","2":"type-product","3":"status-publish","5":"product_cat-maros-megyei-eletrajzi-lexikon","7":"first","8":"instock","9":"shipping-taxable","10":"product-type-simple"},"_links":{"self":[{"href":"https:\/\/uj.adatbank.ro\/lexikon\/wp-json\/wp\/v2\/product\/5629","targetHints":{"allow":["GET"]}}],"collection":[{"href":"https:\/\/uj.adatbank.ro\/lexikon\/wp-json\/wp\/v2\/product"}],"about":[{"href":"https:\/\/uj.adatbank.ro\/lexikon\/wp-json\/wp\/v2\/types\/product"}],"replies":[{"embeddable":true,"href":"https:\/\/uj.adatbank.ro\/lexikon\/wp-json\/wp\/v2\/comments?post=5629"}],"wp:attachment":[{"href":"https:\/\/uj.adatbank.ro\/lexikon\/wp-json\/wp\/v2\/media?parent=5629"}],"wp:term":[{"taxonomy":"product_brand","embeddable":true,"href":"https:\/\/uj.adatbank.ro\/lexikon\/wp-json\/wp\/v2\/product_brand?post=5629"},{"taxonomy":"product_cat","embeddable":true,"href":"https:\/\/uj.adatbank.ro\/lexikon\/wp-json\/wp\/v2\/product_cat?post=5629"},{"taxonomy":"product_tag","embeddable":true,"href":"https:\/\/uj.adatbank.ro\/lexikon\/wp-json\/wp\/v2\/product_tag?post=5629"}],"curies":[{"name":"wp","href":"https:\/\/api.w.org\/{rel}","templated":true}]}}