{"id":5630,"date":"2025-06-28T17:24:52","date_gmt":"2025-06-28T15:24:52","guid":{"rendered":"https:\/\/uj.adatbank.ro\/lexikon\/termek\/cernei-letitia-pop-letitia-%c2%a7\/"},"modified":"2025-06-28T17:24:52","modified_gmt":"2025-06-28T15:24:52","slug":"cernei-letitia-pop-letitia-%c2%a7","status":"publish","type":"product","link":"https:\/\/uj.adatbank.ro\/lexikon\/termek\/cernei-letitia-pop-letitia-%c2%a7\/","title":{"rendered":"CERNEI Leti\u0163ia; Pop Leti\u0163ia, \u00a7"},"content":{"rendered":"<p>1914., \u2020\u00a0Mv., 2002. nov. 9.: k\u00f6nyvt\u00e1ros. \u2013 A filol\u00f3gia doktora. K\u00f6nyvt\u00e1ros a Teleki T\u00e9k\u00e1ban (1962\u201369). <br \/><strong>Irod.:<\/strong> Nekrol\u00f3g (N\u00fa., 2002. nov. 11)<\/br><\/p>\n","protected":false},"excerpt":{"rendered":"<p>1914., \u2020\u00a0Mv., 2002. nov. 9.: k\u00f6nyvt\u00e1ros. \u2013 A filol\u00f3gia doktora. K\u00f6nyvt\u00e1ros a Teleki T\u00e9k\u00e1ban (1962\u201369). Irod.: Nekrol\u00f3g (N\u00fa., 2002. nov. 11)<\/p>\n","protected":false},"featured_media":0,"comment_status":"open","ping_status":"closed","template":"","meta":[],"product_brand":[],"product_cat":[137],"product_tag":[],"class_list":{"0":"post-5630","1":"product","2":"type-product","3":"status-publish","5":"product_cat-maros-megyei-eletrajzi-lexikon","7":"first","8":"instock","9":"shipping-taxable","10":"product-type-simple"},"_links":{"self":[{"href":"https:\/\/uj.adatbank.ro\/lexikon\/wp-json\/wp\/v2\/product\/5630","targetHints":{"allow":["GET"]}}],"collection":[{"href":"https:\/\/uj.adatbank.ro\/lexikon\/wp-json\/wp\/v2\/product"}],"about":[{"href":"https:\/\/uj.adatbank.ro\/lexikon\/wp-json\/wp\/v2\/types\/product"}],"replies":[{"embeddable":true,"href":"https:\/\/uj.adatbank.ro\/lexikon\/wp-json\/wp\/v2\/comments?post=5630"}],"wp:attachment":[{"href":"https:\/\/uj.adatbank.ro\/lexikon\/wp-json\/wp\/v2\/media?parent=5630"}],"wp:term":[{"taxonomy":"product_brand","embeddable":true,"href":"https:\/\/uj.adatbank.ro\/lexikon\/wp-json\/wp\/v2\/product_brand?post=5630"},{"taxonomy":"product_cat","embeddable":true,"href":"https:\/\/uj.adatbank.ro\/lexikon\/wp-json\/wp\/v2\/product_cat?post=5630"},{"taxonomy":"product_tag","embeddable":true,"href":"https:\/\/uj.adatbank.ro\/lexikon\/wp-json\/wp\/v2\/product_tag?post=5630"}],"curies":[{"name":"wp","href":"https:\/\/api.w.org\/{rel}","templated":true}]}}