{"id":5632,"date":"2025-06-28T17:24:56","date_gmt":"2025-06-28T15:24:56","guid":{"rendered":"https:\/\/uj.adatbank.ro\/lexikon\/termek\/ceteras-i-toma\/"},"modified":"2025-06-28T17:24:56","modified_gmt":"2025-06-28T15:24:56","slug":"ceteras-i-toma","status":"publish","type":"product","link":"https:\/\/uj.adatbank.ro\/lexikon\/termek\/ceteras-i-toma\/","title":{"rendered":"CETERA\u015e I. Toma"},"content":{"rendered":"<p>? \u2020\u00a0? : igazgat\u00f3tan\u00e1r. \u2013 Tan\u00edtott Mez\u0151banyic\u00e1n (1975\u201387). Mivel a r\u00e9gi isk. sz\u0171knek bizonyult, \u00faj iskol\u00e1t \u00e9p\u00edttetett, n\u00e9gy tanteremmel, laborat\u00f3riummal, k\u00f6nyvt\u00e1rral \u00e9s m\u00e1s helyis\u00e9gekkel (1978\u201379). <br \/><strong>Irod.:<\/strong> Lunca<\/br><\/p>\n","protected":false},"excerpt":{"rendered":"<p>? \u2020\u00a0? : igazgat\u00f3tan\u00e1r. \u2013 Tan\u00edtott Mez\u0151banyic\u00e1n (1975\u201387). Mivel a r\u00e9gi isk. sz\u0171knek bizonyult, \u00faj iskol\u00e1t \u00e9p\u00edttetett, n\u00e9gy tanteremmel, laborat\u00f3riummal, k\u00f6nyvt\u00e1rral \u00e9s m\u00e1s helyis\u00e9gekkel (1978\u201379). Irod.: Lunca<\/p>\n","protected":false},"featured_media":0,"comment_status":"open","ping_status":"closed","template":"","meta":[],"product_brand":[],"product_cat":[137],"product_tag":[],"class_list":{"0":"post-5632","1":"product","2":"type-product","3":"status-publish","5":"product_cat-maros-megyei-eletrajzi-lexikon","7":"first","8":"instock","9":"shipping-taxable","10":"product-type-simple"},"_links":{"self":[{"href":"https:\/\/uj.adatbank.ro\/lexikon\/wp-json\/wp\/v2\/product\/5632","targetHints":{"allow":["GET"]}}],"collection":[{"href":"https:\/\/uj.adatbank.ro\/lexikon\/wp-json\/wp\/v2\/product"}],"about":[{"href":"https:\/\/uj.adatbank.ro\/lexikon\/wp-json\/wp\/v2\/types\/product"}],"replies":[{"embeddable":true,"href":"https:\/\/uj.adatbank.ro\/lexikon\/wp-json\/wp\/v2\/comments?post=5632"}],"wp:attachment":[{"href":"https:\/\/uj.adatbank.ro\/lexikon\/wp-json\/wp\/v2\/media?parent=5632"}],"wp:term":[{"taxonomy":"product_brand","embeddable":true,"href":"https:\/\/uj.adatbank.ro\/lexikon\/wp-json\/wp\/v2\/product_brand?post=5632"},{"taxonomy":"product_cat","embeddable":true,"href":"https:\/\/uj.adatbank.ro\/lexikon\/wp-json\/wp\/v2\/product_cat?post=5632"},{"taxonomy":"product_tag","embeddable":true,"href":"https:\/\/uj.adatbank.ro\/lexikon\/wp-json\/wp\/v2\/product_tag?post=5632"}],"curies":[{"name":"wp","href":"https:\/\/api.w.org\/{rel}","templated":true}]}}