{"id":5635,"date":"2025-06-28T17:25:00","date_gmt":"2025-06-28T15:25:00","guid":{"rendered":"https:\/\/uj.adatbank.ro\/lexikon\/termek\/chama-csoma\/"},"modified":"2025-06-28T17:25:00","modified_gmt":"2025-06-28T15:25:00","slug":"chama-csoma","status":"publish","type":"product","link":"https:\/\/uj.adatbank.ro\/lexikon\/termek\/chama-csoma\/","title":{"rendered":"CHAMA Csoma?"},"content":{"rendered":"<p>? \u2020\u00a0? 1341 el\u0151tt: r. k. pap. \u2013 Tam\u00e1snak fia. -K\u00e1roly kir\u00e1ly tan\u00e1csosa, budai pr\u00e9post. 22. J\u00e1nos p\u00e1p\u00e1nak aj\u00e1nlott\u00e1k (1320 k.), valamelyik erd\u00e9lyi kanonoki sz\u00e9kre. K\u00fck\u00fcll\u0151i f\u0151esperes (1328\u20131349) \u00e9s t\u00f6bb beneficiumot is kapott, a p\u00e1pai tizedgy\u0171jt\u00e9s idej\u00e9ben tev\u00e9kenykedett. A K\u00fck\u00fcll\u0151i f\u0151esperess\u00e9g mellett v\u00e1radi, p\u00e9csi, gy\u0151ri, esztergomi, z\u00e1gr\u00e1bi kanonok \u00e9s \u00f3budai pr\u00e9post is. <br \/><strong>Irod.:<\/strong> Beke 1894; Ferenczi S\u00e1ndor 2012; Ferenczi S\u00e1ndor 2012<\/br><\/p>\n","protected":false},"excerpt":{"rendered":"<p>? \u2020\u00a0? 1341 el\u0151tt: r. k. pap. \u2013 Tam\u00e1snak fia. -K\u00e1roly kir\u00e1ly tan\u00e1csosa, budai pr\u00e9post. 22. J\u00e1nos p\u00e1p\u00e1nak aj\u00e1nlott\u00e1k (1320 k.), valamelyik erd\u00e9lyi kanonoki sz\u00e9kre. K\u00fck\u00fcll\u0151i f\u0151esperes (1328\u20131349) \u00e9s t\u00f6bb beneficiumot is kapott, a p\u00e1pai tizedgy\u0171jt\u00e9s idej\u00e9ben tev\u00e9kenykedett. A K\u00fck\u00fcll\u0151i f\u0151esperess\u00e9g mellett v\u00e1radi, p\u00e9csi, gy\u0151ri, esztergomi, z\u00e1gr\u00e1bi kanonok \u00e9s \u00f3budai pr\u00e9post is. Irod.: Beke 1894; [&hellip;]<\/p>\n","protected":false},"featured_media":0,"comment_status":"open","ping_status":"closed","template":"","meta":[],"product_brand":[],"product_cat":[137],"product_tag":[],"class_list":{"0":"post-5635","1":"product","2":"type-product","3":"status-publish","5":"product_cat-maros-megyei-eletrajzi-lexikon","7":"first","8":"instock","9":"shipping-taxable","10":"product-type-simple"},"_links":{"self":[{"href":"https:\/\/uj.adatbank.ro\/lexikon\/wp-json\/wp\/v2\/product\/5635","targetHints":{"allow":["GET"]}}],"collection":[{"href":"https:\/\/uj.adatbank.ro\/lexikon\/wp-json\/wp\/v2\/product"}],"about":[{"href":"https:\/\/uj.adatbank.ro\/lexikon\/wp-json\/wp\/v2\/types\/product"}],"replies":[{"embeddable":true,"href":"https:\/\/uj.adatbank.ro\/lexikon\/wp-json\/wp\/v2\/comments?post=5635"}],"wp:attachment":[{"href":"https:\/\/uj.adatbank.ro\/lexikon\/wp-json\/wp\/v2\/media?parent=5635"}],"wp:term":[{"taxonomy":"product_brand","embeddable":true,"href":"https:\/\/uj.adatbank.ro\/lexikon\/wp-json\/wp\/v2\/product_brand?post=5635"},{"taxonomy":"product_cat","embeddable":true,"href":"https:\/\/uj.adatbank.ro\/lexikon\/wp-json\/wp\/v2\/product_cat?post=5635"},{"taxonomy":"product_tag","embeddable":true,"href":"https:\/\/uj.adatbank.ro\/lexikon\/wp-json\/wp\/v2\/product_tag?post=5635"}],"curies":[{"name":"wp","href":"https:\/\/api.w.org\/{rel}","templated":true}]}}