{"id":5638,"date":"2025-06-28T17:25:09","date_gmt":"2025-06-28T15:25:09","guid":{"rendered":"https:\/\/uj.adatbank.ro\/lexikon\/termek\/chelius-simon\/"},"modified":"2025-06-28T17:25:09","modified_gmt":"2025-06-28T15:25:09","slug":"chelius-simon","status":"publish","type":"product","link":"https:\/\/uj.adatbank.ro\/lexikon\/termek\/chelius-simon\/","title":{"rendered":"CHELIUS Simon"},"content":{"rendered":"<p>Segesv\u00e1r, ? \u2020\u00a0? : ev. lelk\u00e9sz. \u2013 Mint wesenbergi (Holstein) lelk\u00e9sz \u00fcdv\u00f6zl\u0151 verset \u00edrt. <br \/><strong>Irod.:<\/strong> Guly\u00e1s; RMK 3: 2216 (Rostock, 1663 sz. m\u0171ben)<\/br><\/p>\n","protected":false},"excerpt":{"rendered":"<p>Segesv\u00e1r, ? \u2020\u00a0? : ev. lelk\u00e9sz. \u2013 Mint wesenbergi (Holstein) lelk\u00e9sz \u00fcdv\u00f6zl\u0151 verset \u00edrt. Irod.: Guly\u00e1s; RMK 3: 2216 (Rostock, 1663 sz. m\u0171ben)<\/p>\n","protected":false},"featured_media":0,"comment_status":"open","ping_status":"closed","template":"","meta":[],"product_brand":[],"product_cat":[137],"product_tag":[],"class_list":{"0":"post-5638","1":"product","2":"type-product","3":"status-publish","5":"product_cat-maros-megyei-eletrajzi-lexikon","7":"first","8":"instock","9":"shipping-taxable","10":"product-type-simple"},"_links":{"self":[{"href":"https:\/\/uj.adatbank.ro\/lexikon\/wp-json\/wp\/v2\/product\/5638","targetHints":{"allow":["GET"]}}],"collection":[{"href":"https:\/\/uj.adatbank.ro\/lexikon\/wp-json\/wp\/v2\/product"}],"about":[{"href":"https:\/\/uj.adatbank.ro\/lexikon\/wp-json\/wp\/v2\/types\/product"}],"replies":[{"embeddable":true,"href":"https:\/\/uj.adatbank.ro\/lexikon\/wp-json\/wp\/v2\/comments?post=5638"}],"wp:attachment":[{"href":"https:\/\/uj.adatbank.ro\/lexikon\/wp-json\/wp\/v2\/media?parent=5638"}],"wp:term":[{"taxonomy":"product_brand","embeddable":true,"href":"https:\/\/uj.adatbank.ro\/lexikon\/wp-json\/wp\/v2\/product_brand?post=5638"},{"taxonomy":"product_cat","embeddable":true,"href":"https:\/\/uj.adatbank.ro\/lexikon\/wp-json\/wp\/v2\/product_cat?post=5638"},{"taxonomy":"product_tag","embeddable":true,"href":"https:\/\/uj.adatbank.ro\/lexikon\/wp-json\/wp\/v2\/product_tag?post=5638"}],"curies":[{"name":"wp","href":"https:\/\/api.w.org\/{rel}","templated":true}]}}