{"id":5639,"date":"2025-06-28T17:25:10","date_gmt":"2025-06-28T15:25:10","guid":{"rendered":"https:\/\/uj.adatbank.ro\/lexikon\/termek\/chelza-basiliu\/"},"modified":"2025-06-28T17:25:10","modified_gmt":"2025-06-28T15:25:10","slug":"chelza-basiliu","status":"publish","type":"product","link":"https:\/\/uj.adatbank.ro\/lexikon\/termek\/chelza-basiliu\/","title":{"rendered":"CHELZA Basiliu"},"content":{"rendered":"<p>? \u2020\u00a0? : tan\u00edt\u00f3. \u2013 Gyul\u00e1son tan\u00edtott (1871\u201376). Iskola \u00e9p\u00fclet nem l\u00e9tezett, de 40 tanul\u00f3t tan\u00edtott a g\u00f6r. kat. templom \u00e9p\u00fclet\u00e9ben. Szolg\u00e1lata utols\u00f3 \u00e9v\u00e9ben \u00e9p\u00edtett\u00e9k gerend\u00e1kb\u00f3l a g\u00f6r. kat. iskol\u00e1t (1876). <br \/><strong>Irod.:<\/strong> Giulu\u015f<\/br><\/p>\n","protected":false},"excerpt":{"rendered":"<p>? \u2020\u00a0? : tan\u00edt\u00f3. \u2013 Gyul\u00e1son tan\u00edtott (1871\u201376). Iskola \u00e9p\u00fclet nem l\u00e9tezett, de 40 tanul\u00f3t tan\u00edtott a g\u00f6r. kat. templom \u00e9p\u00fclet\u00e9ben. Szolg\u00e1lata utols\u00f3 \u00e9v\u00e9ben \u00e9p\u00edtett\u00e9k gerend\u00e1kb\u00f3l a g\u00f6r. kat. iskol\u00e1t (1876). Irod.: Giulu\u015f<\/p>\n","protected":false},"featured_media":0,"comment_status":"open","ping_status":"closed","template":"","meta":[],"product_brand":[],"product_cat":[137],"product_tag":[],"class_list":{"0":"post-5639","1":"product","2":"type-product","3":"status-publish","5":"product_cat-maros-megyei-eletrajzi-lexikon","7":"first","8":"instock","9":"shipping-taxable","10":"product-type-simple"},"_links":{"self":[{"href":"https:\/\/uj.adatbank.ro\/lexikon\/wp-json\/wp\/v2\/product\/5639","targetHints":{"allow":["GET"]}}],"collection":[{"href":"https:\/\/uj.adatbank.ro\/lexikon\/wp-json\/wp\/v2\/product"}],"about":[{"href":"https:\/\/uj.adatbank.ro\/lexikon\/wp-json\/wp\/v2\/types\/product"}],"replies":[{"embeddable":true,"href":"https:\/\/uj.adatbank.ro\/lexikon\/wp-json\/wp\/v2\/comments?post=5639"}],"wp:attachment":[{"href":"https:\/\/uj.adatbank.ro\/lexikon\/wp-json\/wp\/v2\/media?parent=5639"}],"wp:term":[{"taxonomy":"product_brand","embeddable":true,"href":"https:\/\/uj.adatbank.ro\/lexikon\/wp-json\/wp\/v2\/product_brand?post=5639"},{"taxonomy":"product_cat","embeddable":true,"href":"https:\/\/uj.adatbank.ro\/lexikon\/wp-json\/wp\/v2\/product_cat?post=5639"},{"taxonomy":"product_tag","embeddable":true,"href":"https:\/\/uj.adatbank.ro\/lexikon\/wp-json\/wp\/v2\/product_tag?post=5639"}],"curies":[{"name":"wp","href":"https:\/\/api.w.org\/{rel}","templated":true}]}}