{"id":5651,"date":"2025-06-28T17:25:33","date_gmt":"2025-06-28T15:25:33","guid":{"rendered":"https:\/\/uj.adatbank.ro\/lexikon\/termek\/chetan-teodor\/"},"modified":"2025-06-28T17:25:33","modified_gmt":"2025-06-28T15:25:33","slug":"chetan-teodor","status":"publish","type":"product","link":"https:\/\/uj.adatbank.ro\/lexikon\/termek\/chetan-teodor\/","title":{"rendered":"CHE\u0162AN Teodor"},"content":{"rendered":"<p>? \u2020\u00a0? : f\u00f6ldbirtokos. \u2013 K\u00f3rod faluban a legt\u00f6bb f\u00f6lddel (42, 1 hold) rendelkezett. A f\u00f6ldoszt\u00e1skor azonban nem vett\u00e9k el f\u00f6ldjeit (1921). A r\u00e1szorul\u00f3k az ev. egyh\u00e1z birtokaib\u00f3l kaptak. <br \/><strong>Irod.:<\/strong> Prozan<\/br><\/p>\n","protected":false},"excerpt":{"rendered":"<p>? \u2020\u00a0? : f\u00f6ldbirtokos. \u2013 K\u00f3rod faluban a legt\u00f6bb f\u00f6lddel (42, 1 hold) rendelkezett. A f\u00f6ldoszt\u00e1skor azonban nem vett\u00e9k el f\u00f6ldjeit (1921). A r\u00e1szorul\u00f3k az ev. egyh\u00e1z birtokaib\u00f3l kaptak. Irod.: Prozan<\/p>\n","protected":false},"featured_media":0,"comment_status":"open","ping_status":"closed","template":"","meta":[],"product_brand":[],"product_cat":[137],"product_tag":[],"class_list":{"0":"post-5651","1":"product","2":"type-product","3":"status-publish","5":"product_cat-maros-megyei-eletrajzi-lexikon","7":"first","8":"instock","9":"shipping-taxable","10":"product-type-simple"},"_links":{"self":[{"href":"https:\/\/uj.adatbank.ro\/lexikon\/wp-json\/wp\/v2\/product\/5651","targetHints":{"allow":["GET"]}}],"collection":[{"href":"https:\/\/uj.adatbank.ro\/lexikon\/wp-json\/wp\/v2\/product"}],"about":[{"href":"https:\/\/uj.adatbank.ro\/lexikon\/wp-json\/wp\/v2\/types\/product"}],"replies":[{"embeddable":true,"href":"https:\/\/uj.adatbank.ro\/lexikon\/wp-json\/wp\/v2\/comments?post=5651"}],"wp:attachment":[{"href":"https:\/\/uj.adatbank.ro\/lexikon\/wp-json\/wp\/v2\/media?parent=5651"}],"wp:term":[{"taxonomy":"product_brand","embeddable":true,"href":"https:\/\/uj.adatbank.ro\/lexikon\/wp-json\/wp\/v2\/product_brand?post=5651"},{"taxonomy":"product_cat","embeddable":true,"href":"https:\/\/uj.adatbank.ro\/lexikon\/wp-json\/wp\/v2\/product_cat?post=5651"},{"taxonomy":"product_tag","embeddable":true,"href":"https:\/\/uj.adatbank.ro\/lexikon\/wp-json\/wp\/v2\/product_tag?post=5651"}],"curies":[{"name":"wp","href":"https:\/\/api.w.org\/{rel}","templated":true}]}}