{"id":5653,"date":"2025-06-28T17:25:37","date_gmt":"2025-06-28T15:25:37","guid":{"rendered":"https:\/\/uj.adatbank.ro\/lexikon\/termek\/chetianu-ambroziu-chetianu-ambrus\/"},"modified":"2025-06-28T17:25:37","modified_gmt":"2025-06-28T15:25:37","slug":"chetianu-ambroziu-chetianu-ambrus","status":"publish","type":"product","link":"https:\/\/uj.adatbank.ro\/lexikon\/termek\/chetianu-ambroziu-chetianu-ambrus\/","title":{"rendered":"CHE\u0162IANU Ambroziu, Che\u0163ianu Ambrus"},"content":{"rendered":"<p>Nagyercse, 1863. \u00e1pr. 7., \u2020 Bal\u00e1zsfalva, 1934. \u00e1pr. 22.: dr., fil., tan\u00e1r, botanikus, g\u00f6r. kat. kanonok. \u2013 Mv.-en a R. K. Gimn.-ban \u00e9s Bal\u00e1zsfalv\u00e1n (\u20131884), Bp.-en a R. Kat. Teol\u00f3gi\u00e1n tanult, ugyanakkor f\u00f6ldrajz-, \u00e9s term\u00e9szettudom\u00e1nyokat is hallgatott, Kv.-on filoz\u00f3fi\u00e1t tanult, ott doktor\u00e1lt is. Egyetemi tan\u00e1rseg\u00e9d Kv.-on a Botanika Tansz\u00e9ken (1890), k\u00f6zben elk\u00e9sz\u00edtette doktor\u00e1tusi disszert\u00e1ci\u00f3j\u00e1t (1891). Bal\u00e1zsfalv\u00e1n a R. K. Gimn. term\u00e9szetrajz-f\u00f6ldrajz tan\u00e1ra (1891\u2013); papp\u00e1 szentelt\u00e9k (1892), megb\u00edzt\u00e1k a l\u00edc.-hoz tartoz\u00f3 term\u00e9szettudom\u00e1nyi m\u00fazeum \u00e9s a botanikus kert vezet\u00e9s\u00e9vel, a bal\u00e1zsfalvi fi\u00faisk. igazgat\u00f3ja (1910\u201318). Elk\u00e9sz\u00edtette a l\u00edc. term\u00e9szettudom\u00e1nyi oktat\u00e1s\u00e1nak t\u00f6rt\u00e9net\u00e9t (1850\u201391 k\u00f6z\u00f6tti id\u0151szakra). Sz\u00e1mtalan n\u00f6v\u00e9nygy\u0171jt\u0151 \u00e9s kutat\u00f3 kir\u00e1ndul\u00e1st tett Erd\u00e9lyben. Az erd\u00e9lyi \u00e9rseks\u00e9g egyh\u00e1zker\u00fcleti tanfel\u00fcgyel\u0151je lett (1919\u2013), \u00e9rseks\u00e9gi kanonok (1930\u2013) \u00e9s XI. Piusz p\u00e1pa p\u00e1pai prel\u00e1tuss\u00e1 nevezte ki. T\u00f6bbsz\u00e1z n\u00f6v\u00e9nyfajt\u00e1t gy\u0171jt\u00f6tt, amelyek alapj\u00e1t k\u00e9pezt\u00e9k h\u00edres n\u00f6v\u00e9nygy\u0171jtem\u00e9ny\u00e9nek: n\u00e9pk\u00f6lt\u00e9szeti n\u00f6v\u00e9nyek, orvosi n\u00f6v\u00e9nyek, sz\u00ednez\u0151 n\u00f6v\u00e9nyek, ki\u00e1ll\u00edt\u00e1st is rendezett Buk.-ben (1906), Bal\u00e1zsfalv\u00e1n (1911). K\u00f6z\u00f6lt az Anuarul Liceului, Budapesti H\u00edrlap, Transilvania, Tribuna, Unirea c. korabeli foly\u00f3iratokban. Tev\u00e9keny tagja volt az Astra tudom\u00e1nyos oszt\u00e1ly\u00e1nak. A Rom\u00e1n TA tagja (1882). \u2013 <strong>F. m.:<\/strong> Adatok a Ruppia Transylvanica ismeret\u00e9hez (Kv., 1891); Botanica pentru clasa a V-a gimn. -l\u0103 (Blaj, 1902); Geografie pentru clasa a I-a gimn. -l\u0103 \u015fi real\u0103 vol. 1\u20133 (Blaj, 1902); Istoria natural\u0103 \u015fi Muzeul de la \u015fcoalele din Blaj (Blaj, 1902\u20131903); Geografia: pentru clasele gimn. -le \u015fi reale 3. vol. (Blaj, 1902\u20131903); Bure\u0163ii comuni (Blaj, 1905); Igiena \u015fcolarului (Blaj, 1907); Istoria natural\u0103: pentru cl. -le gimn. -le \u015fi reale (Blaj, 1907); \u00cengrijirea s\u0103n\u0103t\u0103\u0163ii (Blaj, 1907); Din botanica poporarl\u0103 (Blaj, 1908); Florian Portius Cato ca botanist (Blaj, 1908); Cuv\u00e2ntare funebr\u0103 (Blaj, 1909); St\u0103p\u00e2nirea p\u0103m\u00e2ntului prin munc\u0103 \u015fi carte (Blaj, 1908); Nicolae Popescu (Blaj, 1909). <br \/><strong>Irod.:<\/strong> Borza, Alexandru: C\u00eempia Ardealului (Buc., 1935); Borza, Alexandru: Die Siebenb\u00fcrgische Heide (Cluj-Sibiu, 1944); Com\u015fa; Com\u015fa-Seiceanu; Foaie scolastic\u0103 (1907. j\u00fan., 1909., 9\u201310); Guly\u00e1s; Predescu; Regh. cult. 4.; Serb\u0103rile [ASTREI] dela Blaj 1911 (Blaj, 1911); Sigmirean; \u015eerban 2006; Todea\u2013F\u00fcl\u00f6p\u2013Avram.<\/br><\/p>\n","protected":false},"excerpt":{"rendered":"<p>Nagyercse, 1863. \u00e1pr. 7., \u2020 Bal\u00e1zsfalva, 1934. \u00e1pr. 22.: dr., fil., tan\u00e1r, botanikus, g\u00f6r. kat. kanonok. \u2013 Mv.-en a R. K. Gimn.-ban \u00e9s Bal\u00e1zsfalv\u00e1n (\u20131884), Bp.-en a R. Kat. Teol\u00f3gi\u00e1n tanult, ugyanakkor f\u00f6ldrajz-, \u00e9s term\u00e9szettudom\u00e1nyokat is hallgatott, Kv.-on filoz\u00f3fi\u00e1t tanult, ott doktor\u00e1lt is. Egyetemi tan\u00e1rseg\u00e9d Kv.-on a Botanika Tansz\u00e9ken (1890), k\u00f6zben elk\u00e9sz\u00edtette doktor\u00e1tusi disszert\u00e1ci\u00f3j\u00e1t (1891). [&hellip;]<\/p>\n","protected":false},"featured_media":0,"comment_status":"open","ping_status":"closed","template":"","meta":[],"product_brand":[],"product_cat":[137],"product_tag":[],"class_list":{"0":"post-5653","1":"product","2":"type-product","3":"status-publish","5":"product_cat-maros-megyei-eletrajzi-lexikon","7":"first","8":"instock","9":"shipping-taxable","10":"product-type-simple"},"_links":{"self":[{"href":"https:\/\/uj.adatbank.ro\/lexikon\/wp-json\/wp\/v2\/product\/5653","targetHints":{"allow":["GET"]}}],"collection":[{"href":"https:\/\/uj.adatbank.ro\/lexikon\/wp-json\/wp\/v2\/product"}],"about":[{"href":"https:\/\/uj.adatbank.ro\/lexikon\/wp-json\/wp\/v2\/types\/product"}],"replies":[{"embeddable":true,"href":"https:\/\/uj.adatbank.ro\/lexikon\/wp-json\/wp\/v2\/comments?post=5653"}],"wp:attachment":[{"href":"https:\/\/uj.adatbank.ro\/lexikon\/wp-json\/wp\/v2\/media?parent=5653"}],"wp:term":[{"taxonomy":"product_brand","embeddable":true,"href":"https:\/\/uj.adatbank.ro\/lexikon\/wp-json\/wp\/v2\/product_brand?post=5653"},{"taxonomy":"product_cat","embeddable":true,"href":"https:\/\/uj.adatbank.ro\/lexikon\/wp-json\/wp\/v2\/product_cat?post=5653"},{"taxonomy":"product_tag","embeddable":true,"href":"https:\/\/uj.adatbank.ro\/lexikon\/wp-json\/wp\/v2\/product_tag?post=5653"}],"curies":[{"name":"wp","href":"https:\/\/api.w.org\/{rel}","templated":true}]}}