{"id":5655,"date":"2025-06-28T17:25:40","date_gmt":"2025-06-28T15:25:40","guid":{"rendered":"https:\/\/uj.adatbank.ro\/lexikon\/termek\/chibelean-mihai-chibeleanu-mihail\/"},"modified":"2025-06-28T17:25:40","modified_gmt":"2025-06-28T15:25:40","slug":"chibelean-mihai-chibeleanu-mihail","status":"publish","type":"product","link":"https:\/\/uj.adatbank.ro\/lexikon\/termek\/chibelean-mihai-chibeleanu-mihail\/","title":{"rendered":"CHIBELEAN Mihai, Chibeleanu Mihail"},"content":{"rendered":"<p>? \u2020 ? : ort. pap. \u2013 Mez\u0151bergeny\u00e9ben szolg\u00e1lata idej\u00e9ben \u00e9p\u00edtett\u00e9k fel a h\u00edvek k\u00f6zadakoz\u00e1s\u00e1b\u00f3l \u00e9s egyes f\u00f6ldter\u00fcletek elad\u00e1si \u00e1r\u00e1b\u00f3l a ma is l\u00e9tez\u0151 ort. templomot, egy 115 n\u00e9gyzetm\u00e9teres ter\u00fcletre (1927). Mv. esperese, \u015etefan Rusu, szentelte fel (1927. nov. 8). <br \/><strong>Irod.:<\/strong> \u015eincan 2006<\/br><\/p>\n","protected":false},"excerpt":{"rendered":"<p>? \u2020 ? : ort. pap. \u2013 Mez\u0151bergeny\u00e9ben szolg\u00e1lata idej\u00e9ben \u00e9p\u00edtett\u00e9k fel a h\u00edvek k\u00f6zadakoz\u00e1s\u00e1b\u00f3l \u00e9s egyes f\u00f6ldter\u00fcletek elad\u00e1si \u00e1r\u00e1b\u00f3l a ma is l\u00e9tez\u0151 ort. templomot, egy 115 n\u00e9gyzetm\u00e9teres ter\u00fcletre (1927). Mv. esperese, \u015etefan Rusu, szentelte fel (1927. nov. 8). Irod.: \u015eincan 2006<\/p>\n","protected":false},"featured_media":0,"comment_status":"open","ping_status":"closed","template":"","meta":[],"product_brand":[],"product_cat":[137],"product_tag":[],"class_list":{"0":"post-5655","1":"product","2":"type-product","3":"status-publish","5":"product_cat-maros-megyei-eletrajzi-lexikon","7":"first","8":"instock","9":"shipping-taxable","10":"product-type-simple"},"_links":{"self":[{"href":"https:\/\/uj.adatbank.ro\/lexikon\/wp-json\/wp\/v2\/product\/5655","targetHints":{"allow":["GET"]}}],"collection":[{"href":"https:\/\/uj.adatbank.ro\/lexikon\/wp-json\/wp\/v2\/product"}],"about":[{"href":"https:\/\/uj.adatbank.ro\/lexikon\/wp-json\/wp\/v2\/types\/product"}],"replies":[{"embeddable":true,"href":"https:\/\/uj.adatbank.ro\/lexikon\/wp-json\/wp\/v2\/comments?post=5655"}],"wp:attachment":[{"href":"https:\/\/uj.adatbank.ro\/lexikon\/wp-json\/wp\/v2\/media?parent=5655"}],"wp:term":[{"taxonomy":"product_brand","embeddable":true,"href":"https:\/\/uj.adatbank.ro\/lexikon\/wp-json\/wp\/v2\/product_brand?post=5655"},{"taxonomy":"product_cat","embeddable":true,"href":"https:\/\/uj.adatbank.ro\/lexikon\/wp-json\/wp\/v2\/product_cat?post=5655"},{"taxonomy":"product_tag","embeddable":true,"href":"https:\/\/uj.adatbank.ro\/lexikon\/wp-json\/wp\/v2\/product_tag?post=5655"}],"curies":[{"name":"wp","href":"https:\/\/api.w.org\/{rel}","templated":true}]}}