{"id":5661,"date":"2025-06-28T17:25:49","date_gmt":"2025-06-28T15:25:49","guid":{"rendered":"https:\/\/uj.adatbank.ro\/lexikon\/termek\/chiherean-maria\/"},"modified":"2025-06-28T17:25:49","modified_gmt":"2025-06-28T15:25:49","slug":"chiherean-maria","status":"publish","type":"product","link":"https:\/\/uj.adatbank.ro\/lexikon\/termek\/chiherean-maria\/","title":{"rendered":"CHIHEREAN M\u00e1ria"},"content":{"rendered":"<p>Mv.? \u2020\u00a0? : tan\u00edt\u00f3n\u0151. \u2013 Tanult Nyiregyh\u00e1z\u00e1n, Aradon, Gy\u0151r\u00f6tt \u00e9s Kv.-on (\u20131909). Tan\u00edtott Nagyikl\u00f3don, Kar\u00e1don, Barcson \u00e9s Kaposv\u00e1ron. Val\u00f3sz\u00edn\u00fcleg az \u0151 novell\u00e1i jelentek meg C. Mariska n\u00e9ven a K\u00e9pes Csal\u00e1di Lapokban (1899) \u00e9s a Tolnai Vil\u00e1glapban (1901). <br \/><strong>Irod.:<\/strong> Guly\u00e1s<\/br><\/p>\n","protected":false},"excerpt":{"rendered":"<p>Mv.? \u2020\u00a0? : tan\u00edt\u00f3n\u0151. \u2013 Tanult Nyiregyh\u00e1z\u00e1n, Aradon, Gy\u0151r\u00f6tt \u00e9s Kv.-on (\u20131909). Tan\u00edtott Nagyikl\u00f3don, Kar\u00e1don, Barcson \u00e9s Kaposv\u00e1ron. Val\u00f3sz\u00edn\u00fcleg az \u0151 novell\u00e1i jelentek meg C. Mariska n\u00e9ven a K\u00e9pes Csal\u00e1di Lapokban (1899) \u00e9s a Tolnai Vil\u00e1glapban (1901). Irod.: Guly\u00e1s<\/p>\n","protected":false},"featured_media":0,"comment_status":"open","ping_status":"closed","template":"","meta":[],"product_brand":[],"product_cat":[137],"product_tag":[],"class_list":{"0":"post-5661","1":"product","2":"type-product","3":"status-publish","5":"product_cat-maros-megyei-eletrajzi-lexikon","7":"first","8":"instock","9":"shipping-taxable","10":"product-type-simple"},"_links":{"self":[{"href":"https:\/\/uj.adatbank.ro\/lexikon\/wp-json\/wp\/v2\/product\/5661","targetHints":{"allow":["GET"]}}],"collection":[{"href":"https:\/\/uj.adatbank.ro\/lexikon\/wp-json\/wp\/v2\/product"}],"about":[{"href":"https:\/\/uj.adatbank.ro\/lexikon\/wp-json\/wp\/v2\/types\/product"}],"replies":[{"embeddable":true,"href":"https:\/\/uj.adatbank.ro\/lexikon\/wp-json\/wp\/v2\/comments?post=5661"}],"wp:attachment":[{"href":"https:\/\/uj.adatbank.ro\/lexikon\/wp-json\/wp\/v2\/media?parent=5661"}],"wp:term":[{"taxonomy":"product_brand","embeddable":true,"href":"https:\/\/uj.adatbank.ro\/lexikon\/wp-json\/wp\/v2\/product_brand?post=5661"},{"taxonomy":"product_cat","embeddable":true,"href":"https:\/\/uj.adatbank.ro\/lexikon\/wp-json\/wp\/v2\/product_cat?post=5661"},{"taxonomy":"product_tag","embeddable":true,"href":"https:\/\/uj.adatbank.ro\/lexikon\/wp-json\/wp\/v2\/product_tag?post=5661"}],"curies":[{"name":"wp","href":"https:\/\/api.w.org\/{rel}","templated":true}]}}