{"id":5666,"date":"2025-06-28T17:25:58","date_gmt":"2025-06-28T15:25:58","guid":{"rendered":"https:\/\/uj.adatbank.ro\/lexikon\/termek\/chilf-zoltan\/"},"modified":"2025-06-28T17:25:58","modified_gmt":"2025-06-28T15:25:58","slug":"chilf-zoltan","status":"publish","type":"product","link":"https:\/\/uj.adatbank.ro\/lexikon\/termek\/chilf-zoltan\/","title":{"rendered":"CHILF Zolt\u00e1n"},"content":{"rendered":"<p>1907. \u2020 Mv., 1999. dec. 28.: \u00fcgyv\u00e9d, dr. \u2013 Ch. Lipot g\u00e9p\u00e9szm\u00e9rn\u00f6k \u00e9s Farkas Gizella fia. Testv\u00e9rei: Mikl\u00f3s \u00e9s Osv\u00e1ld. Feles\u00e9ge: Livia. Le\u00e1nyuk: Livia. \u2013 Mv.-en tev\u00e9kenykedett. <br \/><strong>Irod.:<\/strong> MMK; [Nekrol\u00f3g] (N\u00fa., 1999. dec. 29)<\/br><\/p>\n","protected":false},"excerpt":{"rendered":"<p>1907. \u2020 Mv., 1999. dec. 28.: \u00fcgyv\u00e9d, dr. \u2013 Ch. Lipot g\u00e9p\u00e9szm\u00e9rn\u00f6k \u00e9s Farkas Gizella fia. Testv\u00e9rei: Mikl\u00f3s \u00e9s Osv\u00e1ld. Feles\u00e9ge: Livia. Le\u00e1nyuk: Livia. \u2013 Mv.-en tev\u00e9kenykedett. Irod.: MMK; [Nekrol\u00f3g] (N\u00fa., 1999. dec. 29)<\/p>\n","protected":false},"featured_media":0,"comment_status":"open","ping_status":"closed","template":"","meta":[],"product_brand":[],"product_cat":[137],"product_tag":[],"class_list":{"0":"post-5666","1":"product","2":"type-product","3":"status-publish","5":"product_cat-maros-megyei-eletrajzi-lexikon","7":"first","8":"instock","9":"shipping-taxable","10":"product-type-simple"},"_links":{"self":[{"href":"https:\/\/uj.adatbank.ro\/lexikon\/wp-json\/wp\/v2\/product\/5666","targetHints":{"allow":["GET"]}}],"collection":[{"href":"https:\/\/uj.adatbank.ro\/lexikon\/wp-json\/wp\/v2\/product"}],"about":[{"href":"https:\/\/uj.adatbank.ro\/lexikon\/wp-json\/wp\/v2\/types\/product"}],"replies":[{"embeddable":true,"href":"https:\/\/uj.adatbank.ro\/lexikon\/wp-json\/wp\/v2\/comments?post=5666"}],"wp:attachment":[{"href":"https:\/\/uj.adatbank.ro\/lexikon\/wp-json\/wp\/v2\/media?parent=5666"}],"wp:term":[{"taxonomy":"product_brand","embeddable":true,"href":"https:\/\/uj.adatbank.ro\/lexikon\/wp-json\/wp\/v2\/product_brand?post=5666"},{"taxonomy":"product_cat","embeddable":true,"href":"https:\/\/uj.adatbank.ro\/lexikon\/wp-json\/wp\/v2\/product_cat?post=5666"},{"taxonomy":"product_tag","embeddable":true,"href":"https:\/\/uj.adatbank.ro\/lexikon\/wp-json\/wp\/v2\/product_tag?post=5666"}],"curies":[{"name":"wp","href":"https:\/\/api.w.org\/{rel}","templated":true}]}}