{"id":5670,"date":"2025-06-28T17:26:06","date_gmt":"2025-06-28T15:26:06","guid":{"rendered":"https:\/\/uj.adatbank.ro\/lexikon\/termek\/chinezu-ioan-paul\/"},"modified":"2025-06-28T17:26:06","modified_gmt":"2025-06-28T15:26:06","slug":"chinezu-ioan-paul","status":"publish","type":"product","link":"https:\/\/uj.adatbank.ro\/lexikon\/termek\/chinezu-ioan-paul\/","title":{"rendered":"CHINEZU Ioan Paul"},"content":{"rendered":"<p>? \u2020\u00a0Radn\u00f3tf\u00e1ja, ? : g\u00f6r. kat. lelk\u00e9sz. \u2013 L\u00edc. -ot \u00e9s teol\u00f3gi\u00e1t Bal\u00e1zsfalv\u00e1n v\u00e9gzett. Maroslak\u00e1n (1882\u2013), majd G\u00f6rg\u00e9nyhod\u00e1kon szolg\u00e1lt (1884. dec. 18. \u2013 1900. nov. 30). Lelk\u00e9szi feladatai mellett meghonos\u00edtotta a faluban a gy\u00fcm\u00f6lcstermeszt\u00e9st, a gy\u00fcm\u00f6lcsolt\u00e1sra tan\u00edtotta meg h\u00edveit. A faluba hozta a takarm\u00e1nyn\u00f6v\u00e9nyek (l\u00f3here, lucerna, b\u00fckk\u00f6ny) magjait, megtan\u00edtva a falusiakat, hogy hogyan kell ezeket termeszteni. Hod\u00e1kr\u00f3l Radn\u00f3tf\u00e1j\u00e1ra t\u00e1vozott, ahol folytatta \u00e1ld\u00e1sos munk\u00e1j\u00e1t (1901\u2013 22.). \u0150 \u00e9p\u00edttette az els\u0151 rom\u00e1n egyh\u00e1zi elemi isk. -t Radn\u00f3tf\u00e1j\u00e1n (1913). <br \/><strong>Irod.:<\/strong> Maiore\u015fti; Reghin, Protopopiat<\/br><\/p>\n","protected":false},"excerpt":{"rendered":"<p>? \u2020\u00a0Radn\u00f3tf\u00e1ja, ? : g\u00f6r. kat. lelk\u00e9sz. \u2013 L\u00edc. -ot \u00e9s teol\u00f3gi\u00e1t Bal\u00e1zsfalv\u00e1n v\u00e9gzett. Maroslak\u00e1n (1882\u2013), majd G\u00f6rg\u00e9nyhod\u00e1kon szolg\u00e1lt (1884. dec. 18. \u2013 1900. nov. 30). Lelk\u00e9szi feladatai mellett meghonos\u00edtotta a faluban a gy\u00fcm\u00f6lcstermeszt\u00e9st, a gy\u00fcm\u00f6lcsolt\u00e1sra tan\u00edtotta meg h\u00edveit. A faluba hozta a takarm\u00e1nyn\u00f6v\u00e9nyek (l\u00f3here, lucerna, b\u00fckk\u00f6ny) magjait, megtan\u00edtva a falusiakat, hogy hogyan kell ezeket [&hellip;]<\/p>\n","protected":false},"featured_media":0,"comment_status":"open","ping_status":"closed","template":"","meta":[],"product_brand":[],"product_cat":[137],"product_tag":[],"class_list":{"0":"post-5670","1":"product","2":"type-product","3":"status-publish","5":"product_cat-maros-megyei-eletrajzi-lexikon","7":"first","8":"instock","9":"shipping-taxable","10":"product-type-simple"},"_links":{"self":[{"href":"https:\/\/uj.adatbank.ro\/lexikon\/wp-json\/wp\/v2\/product\/5670","targetHints":{"allow":["GET"]}}],"collection":[{"href":"https:\/\/uj.adatbank.ro\/lexikon\/wp-json\/wp\/v2\/product"}],"about":[{"href":"https:\/\/uj.adatbank.ro\/lexikon\/wp-json\/wp\/v2\/types\/product"}],"replies":[{"embeddable":true,"href":"https:\/\/uj.adatbank.ro\/lexikon\/wp-json\/wp\/v2\/comments?post=5670"}],"wp:attachment":[{"href":"https:\/\/uj.adatbank.ro\/lexikon\/wp-json\/wp\/v2\/media?parent=5670"}],"wp:term":[{"taxonomy":"product_brand","embeddable":true,"href":"https:\/\/uj.adatbank.ro\/lexikon\/wp-json\/wp\/v2\/product_brand?post=5670"},{"taxonomy":"product_cat","embeddable":true,"href":"https:\/\/uj.adatbank.ro\/lexikon\/wp-json\/wp\/v2\/product_cat?post=5670"},{"taxonomy":"product_tag","embeddable":true,"href":"https:\/\/uj.adatbank.ro\/lexikon\/wp-json\/wp\/v2\/product_tag?post=5670"}],"curies":[{"name":"wp","href":"https:\/\/api.w.org\/{rel}","templated":true}]}}