{"id":5678,"date":"2025-06-28T17:26:20","date_gmt":"2025-06-28T15:26:20","guid":{"rendered":"https:\/\/uj.adatbank.ro\/lexikon\/termek\/chiorean-vasile\/"},"modified":"2025-06-28T17:26:20","modified_gmt":"2025-06-28T15:26:20","slug":"chiorean-vasile","status":"publish","type":"product","link":"https:\/\/uj.adatbank.ro\/lexikon\/termek\/chiorean-vasile\/","title":{"rendered":"CHIOREAN Vasile"},"content":{"rendered":"<p>? \u2020 ? : ort. pap. \u2013 B\u00e1tosban az \u00fajonnan l\u00e9trehozott ort. parochi\u00e1n szolg\u00e1lt (1972\u201379). Megjav\u00edtatta az 1959-ben \u00e9p\u00fclt templomot (1972). Ugyanebben az id\u0151ben ell\u00e1tta Vajol\u00e1t is a lelk\u00e9szi teend\u0151kkel (1972\u201379). <br \/><strong>Irod.:<\/strong> Reghin, Protopopiat<\/br><\/p>\n","protected":false},"excerpt":{"rendered":"<p>? \u2020 ? : ort. pap. \u2013 B\u00e1tosban az \u00fajonnan l\u00e9trehozott ort. parochi\u00e1n szolg\u00e1lt (1972\u201379). Megjav\u00edtatta az 1959-ben \u00e9p\u00fclt templomot (1972). Ugyanebben az id\u0151ben ell\u00e1tta Vajol\u00e1t is a lelk\u00e9szi teend\u0151kkel (1972\u201379). Irod.: Reghin, Protopopiat<\/p>\n","protected":false},"featured_media":0,"comment_status":"open","ping_status":"closed","template":"","meta":[],"product_brand":[],"product_cat":[137],"product_tag":[],"class_list":{"0":"post-5678","1":"product","2":"type-product","3":"status-publish","5":"product_cat-maros-megyei-eletrajzi-lexikon","7":"first","8":"instock","9":"shipping-taxable","10":"product-type-simple"},"_links":{"self":[{"href":"https:\/\/uj.adatbank.ro\/lexikon\/wp-json\/wp\/v2\/product\/5678","targetHints":{"allow":["GET"]}}],"collection":[{"href":"https:\/\/uj.adatbank.ro\/lexikon\/wp-json\/wp\/v2\/product"}],"about":[{"href":"https:\/\/uj.adatbank.ro\/lexikon\/wp-json\/wp\/v2\/types\/product"}],"replies":[{"embeddable":true,"href":"https:\/\/uj.adatbank.ro\/lexikon\/wp-json\/wp\/v2\/comments?post=5678"}],"wp:attachment":[{"href":"https:\/\/uj.adatbank.ro\/lexikon\/wp-json\/wp\/v2\/media?parent=5678"}],"wp:term":[{"taxonomy":"product_brand","embeddable":true,"href":"https:\/\/uj.adatbank.ro\/lexikon\/wp-json\/wp\/v2\/product_brand?post=5678"},{"taxonomy":"product_cat","embeddable":true,"href":"https:\/\/uj.adatbank.ro\/lexikon\/wp-json\/wp\/v2\/product_cat?post=5678"},{"taxonomy":"product_tag","embeddable":true,"href":"https:\/\/uj.adatbank.ro\/lexikon\/wp-json\/wp\/v2\/product_tag?post=5678"}],"curies":[{"name":"wp","href":"https:\/\/api.w.org\/{rel}","templated":true}]}}