{"id":5679,"date":"2025-06-28T17:26:22","date_gmt":"2025-06-28T15:26:22","guid":{"rendered":"https:\/\/uj.adatbank.ro\/lexikon\/termek\/chiper-lazar-ioan\/"},"modified":"2025-06-28T17:26:22","modified_gmt":"2025-06-28T15:26:22","slug":"chiper-lazar-ioan","status":"publish","type":"product","link":"https:\/\/uj.adatbank.ro\/lexikon\/termek\/chiper-lazar-ioan\/","title":{"rendered":"CHIPER Laz\u0103r Ioan"},"content":{"rendered":"<p>Mez\u0151m\u00e9hes, 1922. aug. 23., \u2020 Marosorb\u00f3, 1944. szept. 30.: \u0151rmester. \u2013 R\u00e9sztvett a 2. vh.-ban Radn\u00f3t, Maroscsap\u00f3, Marosorb\u00f3n\u00e1l harcolt mint a gyulafeh\u00e9rv\u00e1ri 6. ezred csoportparancsnoka, itt is esett el. Mez\u0151m\u00e9hesen temett\u00e9k el katonai tiszteletad\u00e1ssal a falu felszabadul\u00e1sa ut\u00e1n (1944. nov. 9.). <br \/><strong>Irod.:<\/strong> MMK; Suciu<\/br><\/p>\n","protected":false},"excerpt":{"rendered":"<p>Mez\u0151m\u00e9hes, 1922. aug. 23., \u2020 Marosorb\u00f3, 1944. szept. 30.: \u0151rmester. \u2013 R\u00e9sztvett a 2. vh.-ban Radn\u00f3t, Maroscsap\u00f3, Marosorb\u00f3n\u00e1l harcolt mint a gyulafeh\u00e9rv\u00e1ri 6. ezred csoportparancsnoka, itt is esett el. Mez\u0151m\u00e9hesen temett\u00e9k el katonai tiszteletad\u00e1ssal a falu felszabadul\u00e1sa ut\u00e1n (1944. nov. 9.). Irod.: MMK; Suciu<\/p>\n","protected":false},"featured_media":0,"comment_status":"open","ping_status":"closed","template":"","meta":[],"product_brand":[],"product_cat":[137],"product_tag":[],"class_list":{"0":"post-5679","1":"product","2":"type-product","3":"status-publish","5":"product_cat-maros-megyei-eletrajzi-lexikon","7":"first","8":"instock","9":"shipping-taxable","10":"product-type-simple"},"_links":{"self":[{"href":"https:\/\/uj.adatbank.ro\/lexikon\/wp-json\/wp\/v2\/product\/5679","targetHints":{"allow":["GET"]}}],"collection":[{"href":"https:\/\/uj.adatbank.ro\/lexikon\/wp-json\/wp\/v2\/product"}],"about":[{"href":"https:\/\/uj.adatbank.ro\/lexikon\/wp-json\/wp\/v2\/types\/product"}],"replies":[{"embeddable":true,"href":"https:\/\/uj.adatbank.ro\/lexikon\/wp-json\/wp\/v2\/comments?post=5679"}],"wp:attachment":[{"href":"https:\/\/uj.adatbank.ro\/lexikon\/wp-json\/wp\/v2\/media?parent=5679"}],"wp:term":[{"taxonomy":"product_brand","embeddable":true,"href":"https:\/\/uj.adatbank.ro\/lexikon\/wp-json\/wp\/v2\/product_brand?post=5679"},{"taxonomy":"product_cat","embeddable":true,"href":"https:\/\/uj.adatbank.ro\/lexikon\/wp-json\/wp\/v2\/product_cat?post=5679"},{"taxonomy":"product_tag","embeddable":true,"href":"https:\/\/uj.adatbank.ro\/lexikon\/wp-json\/wp\/v2\/product_tag?post=5679"}],"curies":[{"name":"wp","href":"https:\/\/api.w.org\/{rel}","templated":true}]}}