{"id":5692,"date":"2025-06-28T17:26:47","date_gmt":"2025-06-28T15:26:47","guid":{"rendered":"https:\/\/uj.adatbank.ro\/lexikon\/termek\/chrappa-janos-sandor\/"},"modified":"2025-06-28T17:26:47","modified_gmt":"2025-06-28T15:26:47","slug":"chrappa-janos-sandor","status":"publish","type":"product","link":"https:\/\/uj.adatbank.ro\/lexikon\/termek\/chrappa-janos-sandor\/","title":{"rendered":"CHRAPPA J\u00e1nos S\u00e1ndor"},"content":{"rendered":"<p>Pozsonyszentgy\u00f6rgy, 1886. \u2020\u00a0R\u00f3ma, 1947.: magister novitiorum et professorum. \u2013 A Mv.-i Minorita Rendh\u00e1zban a Seminarium novitiorum professora (1916\u2013). <br \/><strong>Irod.:<\/strong> Maros megyei t\u00f6rt.<\/br><\/p>\n","protected":false},"excerpt":{"rendered":"<p>Pozsonyszentgy\u00f6rgy, 1886. \u2020\u00a0R\u00f3ma, 1947.: magister novitiorum et professorum. \u2013 A Mv.-i Minorita Rendh\u00e1zban a Seminarium novitiorum professora (1916\u2013). Irod.: Maros megyei t\u00f6rt.<\/p>\n","protected":false},"featured_media":0,"comment_status":"open","ping_status":"closed","template":"","meta":[],"product_brand":[],"product_cat":[137],"product_tag":[],"class_list":{"0":"post-5692","1":"product","2":"type-product","3":"status-publish","5":"product_cat-maros-megyei-eletrajzi-lexikon","7":"first","8":"instock","9":"shipping-taxable","10":"product-type-simple"},"_links":{"self":[{"href":"https:\/\/uj.adatbank.ro\/lexikon\/wp-json\/wp\/v2\/product\/5692","targetHints":{"allow":["GET"]}}],"collection":[{"href":"https:\/\/uj.adatbank.ro\/lexikon\/wp-json\/wp\/v2\/product"}],"about":[{"href":"https:\/\/uj.adatbank.ro\/lexikon\/wp-json\/wp\/v2\/types\/product"}],"replies":[{"embeddable":true,"href":"https:\/\/uj.adatbank.ro\/lexikon\/wp-json\/wp\/v2\/comments?post=5692"}],"wp:attachment":[{"href":"https:\/\/uj.adatbank.ro\/lexikon\/wp-json\/wp\/v2\/media?parent=5692"}],"wp:term":[{"taxonomy":"product_brand","embeddable":true,"href":"https:\/\/uj.adatbank.ro\/lexikon\/wp-json\/wp\/v2\/product_brand?post=5692"},{"taxonomy":"product_cat","embeddable":true,"href":"https:\/\/uj.adatbank.ro\/lexikon\/wp-json\/wp\/v2\/product_cat?post=5692"},{"taxonomy":"product_tag","embeddable":true,"href":"https:\/\/uj.adatbank.ro\/lexikon\/wp-json\/wp\/v2\/product_tag?post=5692"}],"curies":[{"name":"wp","href":"https:\/\/api.w.org\/{rel}","templated":true}]}}