{"id":5693,"date":"2025-06-28T17:26:48","date_gmt":"2025-06-28T15:26:48","guid":{"rendered":"https:\/\/uj.adatbank.ro\/lexikon\/termek\/chrestels-frigyes\/"},"modified":"2025-06-28T17:26:48","modified_gmt":"2025-06-28T15:26:48","slug":"chrestels-frigyes","status":"publish","type":"product","link":"https:\/\/uj.adatbank.ro\/lexikon\/termek\/chrestels-frigyes\/","title":{"rendered":"CHRESTELS Frigyes"},"content":{"rendered":"<p>1857., \u2020 Mv., 1911.: cs. k. \u0151rnagy, katonai alre\u00e1liskola parancsnoka. \u2013 A Had\u00fcgyminiszt\u00e9rium \u00f6rnaggy\u00e1 l\u00e9ptette el\u0151 (1910). <br \/><strong>Irod.:<\/strong> Id\u0151t\u00e1r 2; P\u00e1lmay J\u00f3zsef<\/br><\/p>\n","protected":false},"excerpt":{"rendered":"<p>1857., \u2020 Mv., 1911.: cs. k. \u0151rnagy, katonai alre\u00e1liskola parancsnoka. \u2013 A Had\u00fcgyminiszt\u00e9rium \u00f6rnaggy\u00e1 l\u00e9ptette el\u0151 (1910). Irod.: Id\u0151t\u00e1r 2; P\u00e1lmay J\u00f3zsef<\/p>\n","protected":false},"featured_media":0,"comment_status":"open","ping_status":"closed","template":"","meta":[],"product_brand":[],"product_cat":[137],"product_tag":[],"class_list":{"0":"post-5693","1":"product","2":"type-product","3":"status-publish","5":"product_cat-maros-megyei-eletrajzi-lexikon","7":"first","8":"instock","9":"shipping-taxable","10":"product-type-simple"},"_links":{"self":[{"href":"https:\/\/uj.adatbank.ro\/lexikon\/wp-json\/wp\/v2\/product\/5693","targetHints":{"allow":["GET"]}}],"collection":[{"href":"https:\/\/uj.adatbank.ro\/lexikon\/wp-json\/wp\/v2\/product"}],"about":[{"href":"https:\/\/uj.adatbank.ro\/lexikon\/wp-json\/wp\/v2\/types\/product"}],"replies":[{"embeddable":true,"href":"https:\/\/uj.adatbank.ro\/lexikon\/wp-json\/wp\/v2\/comments?post=5693"}],"wp:attachment":[{"href":"https:\/\/uj.adatbank.ro\/lexikon\/wp-json\/wp\/v2\/media?parent=5693"}],"wp:term":[{"taxonomy":"product_brand","embeddable":true,"href":"https:\/\/uj.adatbank.ro\/lexikon\/wp-json\/wp\/v2\/product_brand?post=5693"},{"taxonomy":"product_cat","embeddable":true,"href":"https:\/\/uj.adatbank.ro\/lexikon\/wp-json\/wp\/v2\/product_cat?post=5693"},{"taxonomy":"product_tag","embeddable":true,"href":"https:\/\/uj.adatbank.ro\/lexikon\/wp-json\/wp\/v2\/product_tag?post=5693"}],"curies":[{"name":"wp","href":"https:\/\/api.w.org\/{rel}","templated":true}]}}