{"id":5695,"date":"2025-06-28T17:26:52","date_gmt":"2025-06-28T15:26:52","guid":{"rendered":"https:\/\/uj.adatbank.ro\/lexikon\/termek\/ciaclan-ioachim\/"},"modified":"2025-06-28T17:26:52","modified_gmt":"2025-06-28T15:26:52","slug":"ciaclan-ioachim","status":"publish","type":"product","link":"https:\/\/uj.adatbank.ro\/lexikon\/termek\/ciaclan-ioachim\/","title":{"rendered":"CIACLAN Ioachim"},"content":{"rendered":"<p>? \u2020 ? : g\u00f6r. kat. pap. \u2013 Marosugr\u00e1n volt lelk\u00e9sz (1865\u201387). Szolg\u00e1lata idej\u00e9ben \u00e9p\u00edtett\u00e9k a szent arkangyolok tisztelet\u00e9re a kis fatemplomot, amely k\u00e9s\u0151bb a t\u0171z martal\u00e9ka lett. F\u00e1b\u00f3l \u00e9p\u00edtett papilak \u00e9s iskola is l\u00e9tezett. <br \/><strong>Irod.:<\/strong> Ogra<\/br><\/p>\n","protected":false},"excerpt":{"rendered":"<p>? \u2020 ? : g\u00f6r. kat. pap. \u2013 Marosugr\u00e1n volt lelk\u00e9sz (1865\u201387). Szolg\u00e1lata idej\u00e9ben \u00e9p\u00edtett\u00e9k a szent arkangyolok tisztelet\u00e9re a kis fatemplomot, amely k\u00e9s\u0151bb a t\u0171z martal\u00e9ka lett. F\u00e1b\u00f3l \u00e9p\u00edtett papilak \u00e9s iskola is l\u00e9tezett. Irod.: Ogra<\/p>\n","protected":false},"featured_media":0,"comment_status":"open","ping_status":"closed","template":"","meta":[],"product_brand":[],"product_cat":[137],"product_tag":[],"class_list":{"0":"post-5695","1":"product","2":"type-product","3":"status-publish","5":"product_cat-maros-megyei-eletrajzi-lexikon","7":"first","8":"instock","9":"shipping-taxable","10":"product-type-simple"},"_links":{"self":[{"href":"https:\/\/uj.adatbank.ro\/lexikon\/wp-json\/wp\/v2\/product\/5695","targetHints":{"allow":["GET"]}}],"collection":[{"href":"https:\/\/uj.adatbank.ro\/lexikon\/wp-json\/wp\/v2\/product"}],"about":[{"href":"https:\/\/uj.adatbank.ro\/lexikon\/wp-json\/wp\/v2\/types\/product"}],"replies":[{"embeddable":true,"href":"https:\/\/uj.adatbank.ro\/lexikon\/wp-json\/wp\/v2\/comments?post=5695"}],"wp:attachment":[{"href":"https:\/\/uj.adatbank.ro\/lexikon\/wp-json\/wp\/v2\/media?parent=5695"}],"wp:term":[{"taxonomy":"product_brand","embeddable":true,"href":"https:\/\/uj.adatbank.ro\/lexikon\/wp-json\/wp\/v2\/product_brand?post=5695"},{"taxonomy":"product_cat","embeddable":true,"href":"https:\/\/uj.adatbank.ro\/lexikon\/wp-json\/wp\/v2\/product_cat?post=5695"},{"taxonomy":"product_tag","embeddable":true,"href":"https:\/\/uj.adatbank.ro\/lexikon\/wp-json\/wp\/v2\/product_tag?post=5695"}],"curies":[{"name":"wp","href":"https:\/\/api.w.org\/{rel}","templated":true}]}}