{"id":5696,"date":"2025-06-28T17:26:53","date_gmt":"2025-06-28T15:26:53","guid":{"rendered":"https:\/\/uj.adatbank.ro\/lexikon\/termek\/ciaclan-maria-%c2%a7-lazar-maria\/"},"modified":"2025-06-28T17:26:53","modified_gmt":"2025-06-28T15:26:53","slug":"ciaclan-maria-%c2%a7-lazar-maria","status":"publish","type":"product","link":"https:\/\/uj.adatbank.ro\/lexikon\/termek\/ciaclan-maria-%c2%a7-lazar-maria\/","title":{"rendered":"CIACLAN Maria, \u00a7 Laz\u0103r Maria"},"content":{"rendered":"<p>Sz\u00e9kelykocs\u00e1rd, 1912., \u2020 Maroslekence, 2008. dec. 5.: tan\u00edt\u00f3n\u0151. \u2013 M. nyelv\u0171 elemi isk. -t a sz\u00fcl\u0151faluj\u00e1ban, gimn. -ot Maros\u00fajv\u00e1ron, Buk.-ben az Elena Doamn\u0103 Tan\u00edt\u00f3kp\u00e9z\u0151ben v\u00e9gezett. Mez\u0151k\u00f6b\u00f6lk\u00fatra ker\u00fclt g\u00f6r. -kat. lelk\u00e9sz f\u00e9rj\u00e9vel egy\u00fctt, aki nem akart ort. vall\u00e1sra \u00e1tt\u00e9rni, ez\u00e9rt \u00e1lland\u00f3an m\u00e1s faluban kellett szolg\u00e1lnia, ahova feles\u00e9ge is k\u00f6vette. \u00cdgy Mez\u0151szentgy\u00f6rgy\u00f6n, Kisiklandon, Sz\u00e9nas\u00e1gon, Lekenc\u00e9n tan\u00edtott, osztatlan iskol\u00e1kban vagy oszt\u00e1lyokban, t\u00e1voli, nehezen megk\u00f6zel\u00edthet\u0151 falvakban nyugd\u00edjaz\u00e1s\u00e1ig (1965). <br \/><strong>Irod.:<\/strong> Dasc\u0103li mure\u015feni 4.<\/br><\/p>\n","protected":false},"excerpt":{"rendered":"<p>Sz\u00e9kelykocs\u00e1rd, 1912., \u2020 Maroslekence, 2008. dec. 5.: tan\u00edt\u00f3n\u0151. \u2013 M. nyelv\u0171 elemi isk. -t a sz\u00fcl\u0151faluj\u00e1ban, gimn. -ot Maros\u00fajv\u00e1ron, Buk.-ben az Elena Doamn\u0103 Tan\u00edt\u00f3kp\u00e9z\u0151ben v\u00e9gezett. Mez\u0151k\u00f6b\u00f6lk\u00fatra ker\u00fclt g\u00f6r. -kat. lelk\u00e9sz f\u00e9rj\u00e9vel egy\u00fctt, aki nem akart ort. vall\u00e1sra \u00e1tt\u00e9rni, ez\u00e9rt \u00e1lland\u00f3an m\u00e1s faluban kellett szolg\u00e1lnia, ahova feles\u00e9ge is k\u00f6vette. \u00cdgy Mez\u0151szentgy\u00f6rgy\u00f6n, Kisiklandon, Sz\u00e9nas\u00e1gon, Lekenc\u00e9n tan\u00edtott, osztatlan [&hellip;]<\/p>\n","protected":false},"featured_media":0,"comment_status":"open","ping_status":"closed","template":"","meta":[],"product_brand":[],"product_cat":[137],"product_tag":[],"class_list":{"0":"post-5696","1":"product","2":"type-product","3":"status-publish","5":"product_cat-maros-megyei-eletrajzi-lexikon","7":"first","8":"instock","9":"shipping-taxable","10":"product-type-simple"},"_links":{"self":[{"href":"https:\/\/uj.adatbank.ro\/lexikon\/wp-json\/wp\/v2\/product\/5696","targetHints":{"allow":["GET"]}}],"collection":[{"href":"https:\/\/uj.adatbank.ro\/lexikon\/wp-json\/wp\/v2\/product"}],"about":[{"href":"https:\/\/uj.adatbank.ro\/lexikon\/wp-json\/wp\/v2\/types\/product"}],"replies":[{"embeddable":true,"href":"https:\/\/uj.adatbank.ro\/lexikon\/wp-json\/wp\/v2\/comments?post=5696"}],"wp:attachment":[{"href":"https:\/\/uj.adatbank.ro\/lexikon\/wp-json\/wp\/v2\/media?parent=5696"}],"wp:term":[{"taxonomy":"product_brand","embeddable":true,"href":"https:\/\/uj.adatbank.ro\/lexikon\/wp-json\/wp\/v2\/product_brand?post=5696"},{"taxonomy":"product_cat","embeddable":true,"href":"https:\/\/uj.adatbank.ro\/lexikon\/wp-json\/wp\/v2\/product_cat?post=5696"},{"taxonomy":"product_tag","embeddable":true,"href":"https:\/\/uj.adatbank.ro\/lexikon\/wp-json\/wp\/v2\/product_tag?post=5696"}],"curies":[{"name":"wp","href":"https:\/\/api.w.org\/{rel}","templated":true}]}}