{"id":5697,"date":"2025-06-28T17:26:56","date_gmt":"2025-06-28T15:26:56","guid":{"rendered":"https:\/\/uj.adatbank.ro\/lexikon\/termek\/ciaclan-virgil\/"},"modified":"2025-06-28T17:26:56","modified_gmt":"2025-06-28T15:26:56","slug":"ciaclan-virgil","status":"publish","type":"product","link":"https:\/\/uj.adatbank.ro\/lexikon\/termek\/ciaclan-virgil\/","title":{"rendered":"CIACLAN Virgil"},"content":{"rendered":"<p>? \u2020\u00a0? : prefektus. \u2013 Mv. v\u00e1ros\u00e1nak \u00e9s a megy\u00e9nek prefektusa (1927). Nagyv\u00e1radr\u00f3l j\u00f6tt. Kifejezte azon \u00f3haj\u00e1t hogy egy\u00fcttm\u0171k\u00f6dj\u00e9k Bern\u00e1dy Gy\u00f6rggyel \u00e9s a v\u00e1ros magyars\u00e1g\u00e1val. <br \/><strong>Irod.:<\/strong> Bern\u00e1dy; Id\u0151t\u00e1r 3<\/br><\/p>\n","protected":false},"excerpt":{"rendered":"<p>? \u2020\u00a0? : prefektus. \u2013 Mv. v\u00e1ros\u00e1nak \u00e9s a megy\u00e9nek prefektusa (1927). Nagyv\u00e1radr\u00f3l j\u00f6tt. Kifejezte azon \u00f3haj\u00e1t hogy egy\u00fcttm\u0171k\u00f6dj\u00e9k Bern\u00e1dy Gy\u00f6rggyel \u00e9s a v\u00e1ros magyars\u00e1g\u00e1val. Irod.: Bern\u00e1dy; Id\u0151t\u00e1r 3<\/p>\n","protected":false},"featured_media":0,"comment_status":"open","ping_status":"closed","template":"","meta":[],"product_brand":[],"product_cat":[137],"product_tag":[],"class_list":{"0":"post-5697","1":"product","2":"type-product","3":"status-publish","5":"product_cat-maros-megyei-eletrajzi-lexikon","7":"first","8":"instock","9":"shipping-taxable","10":"product-type-simple"},"_links":{"self":[{"href":"https:\/\/uj.adatbank.ro\/lexikon\/wp-json\/wp\/v2\/product\/5697","targetHints":{"allow":["GET"]}}],"collection":[{"href":"https:\/\/uj.adatbank.ro\/lexikon\/wp-json\/wp\/v2\/product"}],"about":[{"href":"https:\/\/uj.adatbank.ro\/lexikon\/wp-json\/wp\/v2\/types\/product"}],"replies":[{"embeddable":true,"href":"https:\/\/uj.adatbank.ro\/lexikon\/wp-json\/wp\/v2\/comments?post=5697"}],"wp:attachment":[{"href":"https:\/\/uj.adatbank.ro\/lexikon\/wp-json\/wp\/v2\/media?parent=5697"}],"wp:term":[{"taxonomy":"product_brand","embeddable":true,"href":"https:\/\/uj.adatbank.ro\/lexikon\/wp-json\/wp\/v2\/product_brand?post=5697"},{"taxonomy":"product_cat","embeddable":true,"href":"https:\/\/uj.adatbank.ro\/lexikon\/wp-json\/wp\/v2\/product_cat?post=5697"},{"taxonomy":"product_tag","embeddable":true,"href":"https:\/\/uj.adatbank.ro\/lexikon\/wp-json\/wp\/v2\/product_tag?post=5697"}],"curies":[{"name":"wp","href":"https:\/\/api.w.org\/{rel}","templated":true}]}}