{"id":5699,"date":"2025-06-28T17:27:01","date_gmt":"2025-06-28T15:27:01","guid":{"rendered":"https:\/\/uj.adatbank.ro\/lexikon\/termek\/ciciovanu-augustin-ciceovan-agoston\/"},"modified":"2025-06-28T17:27:01","modified_gmt":"2025-06-28T15:27:01","slug":"ciciovanu-augustin-ciceovan-agoston","status":"publish","type":"product","link":"https:\/\/uj.adatbank.ro\/lexikon\/termek\/ciciovanu-augustin-ciceovan-agoston\/","title":{"rendered":"CICIOVANU Augustin, Ciceovan \u00c1goston"},"content":{"rendered":"<p>K\u00e9r\u0151, 1879., \u2020\u00a0? : tan\u00e1r. \u2013 Tanulm\u00e1nyait Szamos\u00fajv\u00e1ron kezdte, ahol \u00e9retts\u00e9gizett (1908). Tan\u00e1r Mv.-en a Fels\u0151bb Kereskedelmi Isk.-ban (1927\u201331), ismeretlen helyen tev\u00e9kenykedett (\u20131939), amikor nyugalomba vonult. <br \/><strong>Irod.:<\/strong> \u00cenv. comercial econ.; Sz\u00e9kelyf\u00f6ld \u00ed. k.<\/br><\/p>\n","protected":false},"excerpt":{"rendered":"<p>K\u00e9r\u0151, 1879., \u2020\u00a0? : tan\u00e1r. \u2013 Tanulm\u00e1nyait Szamos\u00fajv\u00e1ron kezdte, ahol \u00e9retts\u00e9gizett (1908). Tan\u00e1r Mv.-en a Fels\u0151bb Kereskedelmi Isk.-ban (1927\u201331), ismeretlen helyen tev\u00e9kenykedett (\u20131939), amikor nyugalomba vonult. Irod.: \u00cenv. comercial econ.; Sz\u00e9kelyf\u00f6ld \u00ed. k.<\/p>\n","protected":false},"featured_media":0,"comment_status":"open","ping_status":"closed","template":"","meta":[],"product_brand":[],"product_cat":[137],"product_tag":[],"class_list":{"0":"post-5699","1":"product","2":"type-product","3":"status-publish","5":"product_cat-maros-megyei-eletrajzi-lexikon","7":"first","8":"instock","9":"shipping-taxable","10":"product-type-simple"},"_links":{"self":[{"href":"https:\/\/uj.adatbank.ro\/lexikon\/wp-json\/wp\/v2\/product\/5699","targetHints":{"allow":["GET"]}}],"collection":[{"href":"https:\/\/uj.adatbank.ro\/lexikon\/wp-json\/wp\/v2\/product"}],"about":[{"href":"https:\/\/uj.adatbank.ro\/lexikon\/wp-json\/wp\/v2\/types\/product"}],"replies":[{"embeddable":true,"href":"https:\/\/uj.adatbank.ro\/lexikon\/wp-json\/wp\/v2\/comments?post=5699"}],"wp:attachment":[{"href":"https:\/\/uj.adatbank.ro\/lexikon\/wp-json\/wp\/v2\/media?parent=5699"}],"wp:term":[{"taxonomy":"product_brand","embeddable":true,"href":"https:\/\/uj.adatbank.ro\/lexikon\/wp-json\/wp\/v2\/product_brand?post=5699"},{"taxonomy":"product_cat","embeddable":true,"href":"https:\/\/uj.adatbank.ro\/lexikon\/wp-json\/wp\/v2\/product_cat?post=5699"},{"taxonomy":"product_tag","embeddable":true,"href":"https:\/\/uj.adatbank.ro\/lexikon\/wp-json\/wp\/v2\/product_tag?post=5699"}],"curies":[{"name":"wp","href":"https:\/\/api.w.org\/{rel}","templated":true}]}}