{"id":5700,"date":"2025-06-28T17:27:02","date_gmt":"2025-06-28T15:27:02","guid":{"rendered":"https:\/\/uj.adatbank.ro\/lexikon\/termek\/cif-moise\/"},"modified":"2025-06-28T17:27:02","modified_gmt":"2025-06-28T15:27:02","slug":"cif-moise","status":"publish","type":"product","link":"https:\/\/uj.adatbank.ro\/lexikon\/termek\/cif-moise\/","title":{"rendered":"CIF Moise"},"content":{"rendered":"<p>? \u2020\u00a0? : ort. pap. \u2013 Palotailv\u00e1n pap \u00e9s az els\u0151 tan\u00edt\u00f3 is, aki a rom\u00e1n elemi iskol\u00e1ban tan\u00edtott, amely egy k\u00e9tszob\u00e1s lak\u00e1sban volt berendezve (1850). <br \/><strong>Irod.:<\/strong> Lunca Bradului<\/br><\/p>\n","protected":false},"excerpt":{"rendered":"<p>? \u2020\u00a0? : ort. pap. \u2013 Palotailv\u00e1n pap \u00e9s az els\u0151 tan\u00edt\u00f3 is, aki a rom\u00e1n elemi iskol\u00e1ban tan\u00edtott, amely egy k\u00e9tszob\u00e1s lak\u00e1sban volt berendezve (1850). Irod.: Lunca Bradului<\/p>\n","protected":false},"featured_media":0,"comment_status":"open","ping_status":"closed","template":"","meta":[],"product_brand":[],"product_cat":[137],"product_tag":[],"class_list":{"0":"post-5700","1":"product","2":"type-product","3":"status-publish","5":"product_cat-maros-megyei-eletrajzi-lexikon","7":"first","8":"instock","9":"shipping-taxable","10":"product-type-simple"},"_links":{"self":[{"href":"https:\/\/uj.adatbank.ro\/lexikon\/wp-json\/wp\/v2\/product\/5700","targetHints":{"allow":["GET"]}}],"collection":[{"href":"https:\/\/uj.adatbank.ro\/lexikon\/wp-json\/wp\/v2\/product"}],"about":[{"href":"https:\/\/uj.adatbank.ro\/lexikon\/wp-json\/wp\/v2\/types\/product"}],"replies":[{"embeddable":true,"href":"https:\/\/uj.adatbank.ro\/lexikon\/wp-json\/wp\/v2\/comments?post=5700"}],"wp:attachment":[{"href":"https:\/\/uj.adatbank.ro\/lexikon\/wp-json\/wp\/v2\/media?parent=5700"}],"wp:term":[{"taxonomy":"product_brand","embeddable":true,"href":"https:\/\/uj.adatbank.ro\/lexikon\/wp-json\/wp\/v2\/product_brand?post=5700"},{"taxonomy":"product_cat","embeddable":true,"href":"https:\/\/uj.adatbank.ro\/lexikon\/wp-json\/wp\/v2\/product_cat?post=5700"},{"taxonomy":"product_tag","embeddable":true,"href":"https:\/\/uj.adatbank.ro\/lexikon\/wp-json\/wp\/v2\/product_tag?post=5700"}],"curies":[{"name":"wp","href":"https:\/\/api.w.org\/{rel}","templated":true}]}}