{"id":5703,"date":"2025-06-28T17:27:09","date_gmt":"2025-06-28T15:27:09","guid":{"rendered":"https:\/\/uj.adatbank.ro\/lexikon\/termek\/cimpoca-isaia\/"},"modified":"2025-06-28T17:27:09","modified_gmt":"2025-06-28T15:27:09","slug":"cimpoca-isaia","status":"publish","type":"product","link":"https:\/\/uj.adatbank.ro\/lexikon\/termek\/cimpoca-isaia\/","title":{"rendered":"CIMPOCA Isaia"},"content":{"rendered":"<p>? \u2020 ?: tan\u00e1r. \u2013 A Mv.-i Ipari M\u00fazeum gondnoka (1940). Jelent\u00e9sben besz\u00e1molt be a sz\u00e9lviharr\u00f3l (1940. m\u00e1j. 29.), amely megrong\u00e1lta a m\u00fazeum \u00e9p\u00fclet\u00e9nek egyik fal\u00e1t \u00e9s a t\u00e1rl\u00f3ra omolva a benne lev\u0151 t\u00e1rgyakat megjav\u00edthatatlann\u00e1 z\u00fazta. <br \/><strong>Irod.:<\/strong> Nan: Camera de comer\u0163<\/br><\/p>\n","protected":false},"excerpt":{"rendered":"<p>? \u2020 ?: tan\u00e1r. \u2013 A Mv.-i Ipari M\u00fazeum gondnoka (1940). Jelent\u00e9sben besz\u00e1molt be a sz\u00e9lviharr\u00f3l (1940. m\u00e1j. 29.), amely megrong\u00e1lta a m\u00fazeum \u00e9p\u00fclet\u00e9nek egyik fal\u00e1t \u00e9s a t\u00e1rl\u00f3ra omolva a benne lev\u0151 t\u00e1rgyakat megjav\u00edthatatlann\u00e1 z\u00fazta. Irod.: Nan: Camera de comer\u0163<\/p>\n","protected":false},"featured_media":0,"comment_status":"open","ping_status":"closed","template":"","meta":[],"product_brand":[],"product_cat":[137],"product_tag":[],"class_list":{"0":"post-5703","1":"product","2":"type-product","3":"status-publish","5":"product_cat-maros-megyei-eletrajzi-lexikon","7":"first","8":"instock","9":"shipping-taxable","10":"product-type-simple"},"_links":{"self":[{"href":"https:\/\/uj.adatbank.ro\/lexikon\/wp-json\/wp\/v2\/product\/5703","targetHints":{"allow":["GET"]}}],"collection":[{"href":"https:\/\/uj.adatbank.ro\/lexikon\/wp-json\/wp\/v2\/product"}],"about":[{"href":"https:\/\/uj.adatbank.ro\/lexikon\/wp-json\/wp\/v2\/types\/product"}],"replies":[{"embeddable":true,"href":"https:\/\/uj.adatbank.ro\/lexikon\/wp-json\/wp\/v2\/comments?post=5703"}],"wp:attachment":[{"href":"https:\/\/uj.adatbank.ro\/lexikon\/wp-json\/wp\/v2\/media?parent=5703"}],"wp:term":[{"taxonomy":"product_brand","embeddable":true,"href":"https:\/\/uj.adatbank.ro\/lexikon\/wp-json\/wp\/v2\/product_brand?post=5703"},{"taxonomy":"product_cat","embeddable":true,"href":"https:\/\/uj.adatbank.ro\/lexikon\/wp-json\/wp\/v2\/product_cat?post=5703"},{"taxonomy":"product_tag","embeddable":true,"href":"https:\/\/uj.adatbank.ro\/lexikon\/wp-json\/wp\/v2\/product_tag?post=5703"}],"curies":[{"name":"wp","href":"https:\/\/api.w.org\/{rel}","templated":true}]}}