{"id":5705,"date":"2025-06-28T17:27:11","date_gmt":"2025-06-28T15:27:11","guid":{"rendered":"https:\/\/uj.adatbank.ro\/lexikon\/termek\/cinono-janos\/"},"modified":"2025-06-28T17:27:11","modified_gmt":"2025-06-28T15:27:11","slug":"cinono-janos","status":"publish","type":"product","link":"https:\/\/uj.adatbank.ro\/lexikon\/termek\/cinono-janos\/","title":{"rendered":"CINON\u00d3 J\u00e1nos"},"content":{"rendered":"<p>Erd\u0151szentgy\u00f6rgy, 1910. m\u00e1rc. 24., \u2020 Krzywor\u00f3wnia, 1944. j\u00fal. 9.: honv\u00e9d. \u2013 Anyja Krist\u00f3f Katalin. \u2013 57. gyalogezred t\u00f6rzs. honv\u00e9dje. <br \/><strong>Irod.:<\/strong> Berekm\u00e9ri 2015<\/br><\/p>\n","protected":false},"excerpt":{"rendered":"<p>Erd\u0151szentgy\u00f6rgy, 1910. m\u00e1rc. 24., \u2020 Krzywor\u00f3wnia, 1944. j\u00fal. 9.: honv\u00e9d. \u2013 Anyja Krist\u00f3f Katalin. \u2013 57. gyalogezred t\u00f6rzs. honv\u00e9dje. Irod.: Berekm\u00e9ri 2015<\/p>\n","protected":false},"featured_media":0,"comment_status":"open","ping_status":"closed","template":"","meta":[],"product_brand":[],"product_cat":[137],"product_tag":[],"class_list":{"0":"post-5705","1":"product","2":"type-product","3":"status-publish","5":"product_cat-maros-megyei-eletrajzi-lexikon","7":"first","8":"instock","9":"shipping-taxable","10":"product-type-simple"},"_links":{"self":[{"href":"https:\/\/uj.adatbank.ro\/lexikon\/wp-json\/wp\/v2\/product\/5705","targetHints":{"allow":["GET"]}}],"collection":[{"href":"https:\/\/uj.adatbank.ro\/lexikon\/wp-json\/wp\/v2\/product"}],"about":[{"href":"https:\/\/uj.adatbank.ro\/lexikon\/wp-json\/wp\/v2\/types\/product"}],"replies":[{"embeddable":true,"href":"https:\/\/uj.adatbank.ro\/lexikon\/wp-json\/wp\/v2\/comments?post=5705"}],"wp:attachment":[{"href":"https:\/\/uj.adatbank.ro\/lexikon\/wp-json\/wp\/v2\/media?parent=5705"}],"wp:term":[{"taxonomy":"product_brand","embeddable":true,"href":"https:\/\/uj.adatbank.ro\/lexikon\/wp-json\/wp\/v2\/product_brand?post=5705"},{"taxonomy":"product_cat","embeddable":true,"href":"https:\/\/uj.adatbank.ro\/lexikon\/wp-json\/wp\/v2\/product_cat?post=5705"},{"taxonomy":"product_tag","embeddable":true,"href":"https:\/\/uj.adatbank.ro\/lexikon\/wp-json\/wp\/v2\/product_tag?post=5705"}],"curies":[{"name":"wp","href":"https:\/\/api.w.org\/{rel}","templated":true}]}}