{"id":5706,"date":"2025-06-28T17:27:13","date_gmt":"2025-06-28T15:27:13","guid":{"rendered":"https:\/\/uj.adatbank.ro\/lexikon\/termek\/cioba-gavrila-cioaba-gavrila\/"},"modified":"2025-06-28T17:27:13","modified_gmt":"2025-06-28T15:27:13","slug":"cioba-gavrila-cioaba-gavrila","status":"publish","type":"product","link":"https:\/\/uj.adatbank.ro\/lexikon\/termek\/cioba-gavrila-cioaba-gavrila\/","title":{"rendered":"CIOBA Gavril\u0103, Cioab\u0103 Gavril\u0103"},"content":{"rendered":"<p>G\u00f6rg\u00e9nyn\u00e1das, 1845., \u2020 G\u00f6rg\u00e9nyorsova, 1913. dec. v. 1914. jan. -febr.: g\u00f6r. kat. pap. \u2013 Als\u00f3b\u00f6lk\u00e9nyben, majd G\u00f6rg\u00e9nyn\u00e1dasban szolg\u00e1lt (1873\u201396). Onnan, Victor Mih\u00e1ly de Ap\u015fa, a 19. sz utols\u00f3 g\u00f6r. kat. mitropolit\u00e1jak\u00e9nt, \u00e1thelyezte G\u00f6rg\u00e9nyorsov\u00e1ra (1896. febr. 21. \u2013). Kinevez\u00e9s\u00e9t a h\u00edvek akart\u00e1k, \u00e9s nem fogadtak el m\u00e1s szem\u00e9lyt, hal\u00e1l\u00e1ig G\u00f6rg\u00e9nyorsov\u00e1n szolg\u00e1lt. <br \/><strong>Irod.:<\/strong> Dobozi<\/br><\/p>\n","protected":false},"excerpt":{"rendered":"<p>G\u00f6rg\u00e9nyn\u00e1das, 1845., \u2020 G\u00f6rg\u00e9nyorsova, 1913. dec. v. 1914. jan. -febr.: g\u00f6r. kat. pap. \u2013 Als\u00f3b\u00f6lk\u00e9nyben, majd G\u00f6rg\u00e9nyn\u00e1dasban szolg\u00e1lt (1873\u201396). Onnan, Victor Mih\u00e1ly de Ap\u015fa, a 19. sz utols\u00f3 g\u00f6r. kat. mitropolit\u00e1jak\u00e9nt, \u00e1thelyezte G\u00f6rg\u00e9nyorsov\u00e1ra (1896. febr. 21. \u2013). Kinevez\u00e9s\u00e9t a h\u00edvek akart\u00e1k, \u00e9s nem fogadtak el m\u00e1s szem\u00e9lyt, hal\u00e1l\u00e1ig G\u00f6rg\u00e9nyorsov\u00e1n szolg\u00e1lt. Irod.: Dobozi<\/p>\n","protected":false},"featured_media":0,"comment_status":"open","ping_status":"closed","template":"","meta":[],"product_brand":[],"product_cat":[137],"product_tag":[],"class_list":{"0":"post-5706","1":"product","2":"type-product","3":"status-publish","5":"product_cat-maros-megyei-eletrajzi-lexikon","7":"first","8":"instock","9":"shipping-taxable","10":"product-type-simple"},"_links":{"self":[{"href":"https:\/\/uj.adatbank.ro\/lexikon\/wp-json\/wp\/v2\/product\/5706","targetHints":{"allow":["GET"]}}],"collection":[{"href":"https:\/\/uj.adatbank.ro\/lexikon\/wp-json\/wp\/v2\/product"}],"about":[{"href":"https:\/\/uj.adatbank.ro\/lexikon\/wp-json\/wp\/v2\/types\/product"}],"replies":[{"embeddable":true,"href":"https:\/\/uj.adatbank.ro\/lexikon\/wp-json\/wp\/v2\/comments?post=5706"}],"wp:attachment":[{"href":"https:\/\/uj.adatbank.ro\/lexikon\/wp-json\/wp\/v2\/media?parent=5706"}],"wp:term":[{"taxonomy":"product_brand","embeddable":true,"href":"https:\/\/uj.adatbank.ro\/lexikon\/wp-json\/wp\/v2\/product_brand?post=5706"},{"taxonomy":"product_cat","embeddable":true,"href":"https:\/\/uj.adatbank.ro\/lexikon\/wp-json\/wp\/v2\/product_cat?post=5706"},{"taxonomy":"product_tag","embeddable":true,"href":"https:\/\/uj.adatbank.ro\/lexikon\/wp-json\/wp\/v2\/product_tag?post=5706"}],"curies":[{"name":"wp","href":"https:\/\/api.w.org\/{rel}","templated":true}]}}